{"id":947930,"date":"2025-09-16T12:48:04","date_gmt":"2025-09-16T10:48:04","guid":{"rendered":"https:\/\/doll.shop\/?post_type=product&#038;p=947930"},"modified":"2026-04-22T12:31:10","modified_gmt":"2026-04-22T10:31:10","slug":"sexdocka-ava-158-cm","status":"publish","type":"product","link":"https:\/\/doll.shop\/sv\/produkt\/sexdocka-ava-158-cm\/","title":{"rendered":"EL doll Sasha | 158 cm"},"content":{"rendered":"","protected":false},"excerpt":{"rendered":"<p>EL doll Sasha \u00e4r en elegant 158 cm l\u00e5ng blond sk\u00f6nhet med en smal, feminin figur och en mjuk, naturlig look. Hennes ljusa hud och str\u00e5lande blonda h\u00e5r ger henne en fr\u00e4sch, klassisk look som \u00e4r omedelbart tilltalande. Med sin vackra C-kupa och sina raffinerade proportioner \u00e4r Sasha b\u00e5de sensuell och tilltalande.  <\/p>\n","protected":false},"featured_media":951039,"comment_status":"open","ping_status":"closed","template":"","meta":[],"product_brand":[],"product_cat":[1386],"product_tag":[],"class_list":{"0":"post-947930","1":"product","2":"type-product","3":"status-publish","4":"has-post-thumbnail","6":"product_cat-rf-doll","8":"first","9":"instock","10":"sale","11":"taxable","12":"shipping-taxable","13":"purchasable","14":"product-type-simple"},"_links":{"self":[{"href":"https:\/\/doll.shop\/sv\/wp-json\/wp\/v2\/product\/947930","targetHints":{"allow":["GET"]}}],"collection":[{"href":"https:\/\/doll.shop\/sv\/wp-json\/wp\/v2\/product"}],"about":[{"href":"https:\/\/doll.shop\/sv\/wp-json\/wp\/v2\/types\/product"}],"replies":[{"embeddable":true,"href":"https:\/\/doll.shop\/sv\/wp-json\/wp\/v2\/comments?post=947930"}],"wp:featuredmedia":[{"embeddable":true,"href":"https:\/\/doll.shop\/sv\/wp-json\/wp\/v2\/media\/951039"}],"wp:attachment":[{"href":"https:\/\/doll.shop\/sv\/wp-json\/wp\/v2\/media?parent=947930"}],"wp:term":[{"taxonomy":"product_brand","embeddable":true,"href":"https:\/\/doll.shop\/sv\/wp-json\/wp\/v2\/product_brand?post=947930"},{"taxonomy":"product_cat","embeddable":true,"href":"https:\/\/doll.shop\/sv\/wp-json\/wp\/v2\/product_cat?post=947930"},{"taxonomy":"product_tag","embeddable":true,"href":"https:\/\/doll.shop\/sv\/wp-json\/wp\/v2\/product_tag?post=947930"}],"curies":[{"name":"wp","href":"https:\/\/api.w.org\/{rel}","templated":true}]}}