{"id":947919,"date":"2025-09-16T09:50:29","date_gmt":"2025-09-16T07:50:29","guid":{"rendered":"https:\/\/doll.shop\/?post_type=product&p=947919"},"modified":"2026-04-26T13:35:28","modified_gmt":"2026-04-26T11:35:28","slug":"firedoll-stella-156-cm","status":"publish","type":"product","link":"https:\/\/doll.shop\/sv\/produkt\/firedoll-stella-156-cm\/","title":{"rendered":"Firedoll Stella | 156 cm"},"content":{"rendered":"","protected":false},"excerpt":{"rendered":"<p>RF Doll Stella \u00e4r en sofistikerad blondin p\u00e5 156 cm med en elegant, feminin silhuett och en mjuk, inbjudande look. Hennes ljusa hud och gl\u00e4nsande blonda h\u00e5r ger henne ett friskt, elegant utseende. Med sin naturliga C-kupa och balanserade kurvor utstr\u00e5lar Stella b\u00e5de klass och sensuell tilltalande.  <\/p>\n","protected":false},"featured_media":947544,"comment_status":"open","ping_status":"closed","template":"","meta":[],"product_brand":[],"product_cat":[1373],"product_tag":[],"class_list":{"0":"post-947919","1":"product","2":"type-product","3":"status-publish","4":"has-post-thumbnail","6":"product_cat-firedoll-sv","8":"first","9":"instock","10":"sale","11":"taxable","12":"shipping-taxable","13":"purchasable","14":"product-type-simple"},"_links":{"self":[{"href":"https:\/\/doll.shop\/sv\/wp-json\/wp\/v2\/product\/947919","targetHints":{"allow":["GET"]}}],"collection":[{"href":"https:\/\/doll.shop\/sv\/wp-json\/wp\/v2\/product"}],"about":[{"href":"https:\/\/doll.shop\/sv\/wp-json\/wp\/v2\/types\/product"}],"replies":[{"embeddable":true,"href":"https:\/\/doll.shop\/sv\/wp-json\/wp\/v2\/comments?post=947919"}],"wp:featuredmedia":[{"embeddable":true,"href":"https:\/\/doll.shop\/sv\/wp-json\/wp\/v2\/media\/947544"}],"wp:attachment":[{"href":"https:\/\/doll.shop\/sv\/wp-json\/wp\/v2\/media?parent=947919"}],"wp:term":[{"taxonomy":"product_brand","embeddable":true,"href":"https:\/\/doll.shop\/sv\/wp-json\/wp\/v2\/product_brand?post=947919"},{"taxonomy":"product_cat","embeddable":true,"href":"https:\/\/doll.shop\/sv\/wp-json\/wp\/v2\/product_cat?post=947919"},{"taxonomy":"product_tag","embeddable":true,"href":"https:\/\/doll.shop\/sv\/wp-json\/wp\/v2\/product_tag?post=947919"}],"curies":[{"name":"wp","href":"https:\/\/api.w.org\/{rel}","templated":true}]}}