{"id":947915,"date":"2025-09-16T09:09:35","date_gmt":"2025-09-16T07:09:35","guid":{"rendered":"https:\/\/doll.shop\/?post_type=product&p=947915"},"modified":"2026-04-22T13:05:30","modified_gmt":"2026-04-22T11:05:30","slug":"firedoll-camila-156-cm","status":"publish","type":"product","link":"https:\/\/doll.shop\/sv\/produkt\/firedoll-camila-156-cm\/","title":{"rendered":"Firedoll Camila | 156 cm"},"content":{"rendered":"","protected":false},"excerpt":{"rendered":"<p>Camila \u00e4r en 156 cm l\u00e5ng brasiliansk sk\u00f6nhet med en naturlig D-kupa och ett lekfullt utseende. Hennes mjuka TPE-hud k\u00e4nns realistisk, medan metallskelettet s\u00e4kerst\u00e4ller smidiga och stabila r\u00f6relser. Med tre realistiska \u00f6ppningar erbjuder Camila en m\u00e5ngsidig och intensiv upplevelse som du sent kommer att gl\u00f6mma.  <\/p>\n","protected":false},"featured_media":947316,"comment_status":"open","ping_status":"closed","template":"","meta":[],"product_brand":[],"product_cat":[1373],"product_tag":[],"class_list":{"0":"post-947915","1":"product","2":"type-product","3":"status-publish","4":"has-post-thumbnail","6":"product_cat-firedoll-sv","8":"first","9":"instock","10":"sale","11":"taxable","12":"shipping-taxable","13":"purchasable","14":"product-type-simple"},"_links":{"self":[{"href":"https:\/\/doll.shop\/sv\/wp-json\/wp\/v2\/product\/947915","targetHints":{"allow":["GET"]}}],"collection":[{"href":"https:\/\/doll.shop\/sv\/wp-json\/wp\/v2\/product"}],"about":[{"href":"https:\/\/doll.shop\/sv\/wp-json\/wp\/v2\/types\/product"}],"replies":[{"embeddable":true,"href":"https:\/\/doll.shop\/sv\/wp-json\/wp\/v2\/comments?post=947915"}],"wp:featuredmedia":[{"embeddable":true,"href":"https:\/\/doll.shop\/sv\/wp-json\/wp\/v2\/media\/947316"}],"wp:attachment":[{"href":"https:\/\/doll.shop\/sv\/wp-json\/wp\/v2\/media?parent=947915"}],"wp:term":[{"taxonomy":"product_brand","embeddable":true,"href":"https:\/\/doll.shop\/sv\/wp-json\/wp\/v2\/product_brand?post=947915"},{"taxonomy":"product_cat","embeddable":true,"href":"https:\/\/doll.shop\/sv\/wp-json\/wp\/v2\/product_cat?post=947915"},{"taxonomy":"product_tag","embeddable":true,"href":"https:\/\/doll.shop\/sv\/wp-json\/wp\/v2\/product_tag?post=947915"}],"curies":[{"name":"wp","href":"https:\/\/api.w.org\/{rel}","templated":true}]}}