{"id":947297,"date":"2025-09-11T16:13:17","date_gmt":"2025-09-11T14:13:17","guid":{"rendered":"https:\/\/doll.shop\/produkt\/dutchdoll-komplett-skotselset\/"},"modified":"2026-03-10T22:55:02","modified_gmt":"2026-03-10T21:55:02","slug":"dutchdoll-komplett-skotselset","status":"publish","type":"product","link":"https:\/\/doll.shop\/sv\/produkt\/dutchdoll-komplett-skotselset\/","title":{"rendered":"DutchDoll komplett sk\u00f6tselset"},"content":{"rendered":"","protected":false},"excerpt":{"rendered":"<p><span data-teams=\"true\"><strong>DutchDoll Waterbased Lubricant, Maintenance Powder<\/strong> och <strong>Intimate Wash<\/strong> fungerar som en enkel v\u00e5rdrutin. Du b\u00f6rjar med det vattenbaserade glidmedlet. Det \u00e4r transparent, k\u00e4nns l\u00e4tt och naturligt och \u00e4r s\u00e4kert f\u00f6r TPE och silikon. Passar ocks\u00e5 med latexkondomer, s\u00e5 att du kan njuta utan kr\u00e5ngel. Efter anv\u00e4ndning, reng\u00f6r med den tv\u00e5lfria Intimate Wash. Mild f\u00f6r de mest intima delarna, noggrant ren och sn\u00e4ll mot materialet. L\u00e5t sedan allt torka ordentligt och str\u00f6 p\u00e5 underh\u00e5llspulvret. Pulvret absorberar kvarvarande fukt, f\u00f6rhindrar klibbighet och h\u00e5ller huden p\u00e5 din docka eller masturbator silkeslen och sl\u00e4t igen. Redo f\u00f6r n\u00e4sta session.        <\/span><\/p>\n","protected":false},"featured_media":948415,"comment_status":"open","ping_status":"closed","template":"","meta":[],"product_brand":[],"product_cat":[1359],"product_tag":[],"class_list":{"0":"post-947297","1":"product","2":"type-product","3":"status-publish","4":"has-post-thumbnail","6":"product_cat-tillbehoer-till-din-sexdocka","7":"product_shipping_class-liten","9":"first","10":"instock","11":"sale","12":"taxable","13":"shipping-taxable","14":"purchasable","15":"product-type-simple"},"_links":{"self":[{"href":"https:\/\/doll.shop\/sv\/wp-json\/wp\/v2\/product\/947297","targetHints":{"allow":["GET"]}}],"collection":[{"href":"https:\/\/doll.shop\/sv\/wp-json\/wp\/v2\/product"}],"about":[{"href":"https:\/\/doll.shop\/sv\/wp-json\/wp\/v2\/types\/product"}],"replies":[{"embeddable":true,"href":"https:\/\/doll.shop\/sv\/wp-json\/wp\/v2\/comments?post=947297"}],"wp:featuredmedia":[{"embeddable":true,"href":"https:\/\/doll.shop\/sv\/wp-json\/wp\/v2\/media\/948415"}],"wp:attachment":[{"href":"https:\/\/doll.shop\/sv\/wp-json\/wp\/v2\/media?parent=947297"}],"wp:term":[{"taxonomy":"product_brand","embeddable":true,"href":"https:\/\/doll.shop\/sv\/wp-json\/wp\/v2\/product_brand?post=947297"},{"taxonomy":"product_cat","embeddable":true,"href":"https:\/\/doll.shop\/sv\/wp-json\/wp\/v2\/product_cat?post=947297"},{"taxonomy":"product_tag","embeddable":true,"href":"https:\/\/doll.shop\/sv\/wp-json\/wp\/v2\/product_tag?post=947297"}],"curies":[{"name":"wp","href":"https:\/\/api.w.org\/{rel}","templated":true}]}}