{"id":946861,"date":"2023-08-01T09:51:22","date_gmt":"2023-08-01T07:51:22","guid":{"rendered":"https:\/\/doll.shop\/produkt\/hollaendsk-docka-natasha-167-cm\/"},"modified":"2026-04-13T10:42:50","modified_gmt":"2026-04-13T08:42:50","slug":"hollaendsk-docka-natasha-167-cm","status":"publish","type":"product","link":"https:\/\/doll.shop\/sv\/produkt\/hollaendsk-docka-natasha-167-cm\/","title":{"rendered":"DutchDoll Natasha | 167 cm"},"content":{"rendered":"","protected":false},"excerpt":{"rendered":"<p>DutchDoll Natasha ser ut som en h\u00f6gblond svensk sk\u00f6nhet med ljusbl\u00e5 \u00f6gon. Denna 167 cm l\u00e5nga sexdocka i naturlig storlek har vackra kurvor och en f\u00f6rf\u00f6risk timglassilhuett. Hennes nydesignade premium TPE erbjuder dig en exceptionellt verklighetstrogen upplevelse. Tack vare det l\u00e4ttanv\u00e4nda EVO+ -skelettet kan du enkelt flytta henne till vilken position som helst. Ytterligare gelbr\u00f6st, ett fingerskelett och en tunga kompletterar henne.<\/p>\n","protected":false},"featured_media":946958,"comment_status":"open","ping_status":"closed","template":"","meta":[],"product_brand":[],"product_cat":[1312,1311],"product_tag":[],"class_list":{"0":"post-946861","1":"product","2":"type-product","3":"status-publish","4":"has-post-thumbnail","6":"product_cat-dutchdoll-sv","7":"product_cat-sexdockor","8":"pa_brand-dutchdoll-sv","10":"first","11":"instock","12":"taxable","13":"shipping-taxable","14":"purchasable","15":"product-type-simple"},"_links":{"self":[{"href":"https:\/\/doll.shop\/sv\/wp-json\/wp\/v2\/product\/946861","targetHints":{"allow":["GET"]}}],"collection":[{"href":"https:\/\/doll.shop\/sv\/wp-json\/wp\/v2\/product"}],"about":[{"href":"https:\/\/doll.shop\/sv\/wp-json\/wp\/v2\/types\/product"}],"replies":[{"embeddable":true,"href":"https:\/\/doll.shop\/sv\/wp-json\/wp\/v2\/comments?post=946861"}],"wp:featuredmedia":[{"embeddable":true,"href":"https:\/\/doll.shop\/sv\/wp-json\/wp\/v2\/media\/946958"}],"wp:attachment":[{"href":"https:\/\/doll.shop\/sv\/wp-json\/wp\/v2\/media?parent=946861"}],"wp:term":[{"taxonomy":"product_brand","embeddable":true,"href":"https:\/\/doll.shop\/sv\/wp-json\/wp\/v2\/product_brand?post=946861"},{"taxonomy":"product_cat","embeddable":true,"href":"https:\/\/doll.shop\/sv\/wp-json\/wp\/v2\/product_cat?post=946861"},{"taxonomy":"product_tag","embeddable":true,"href":"https:\/\/doll.shop\/sv\/wp-json\/wp\/v2\/product_tag?post=946861"}],"curies":[{"name":"wp","href":"https:\/\/api.w.org\/{rel}","templated":true}]}}