{"id":946779,"date":"2022-12-12T10:25:24","date_gmt":"2022-12-12T09:25:24","guid":{"rendered":"https:\/\/doll.shop\/produkt\/ak-docka-thea-175-cm\/"},"modified":"2025-12-05T12:29:44","modified_gmt":"2025-12-05T11:29:44","slug":"ak-docka-thea-175-cm","status":"publish","type":"product","link":"https:\/\/doll.shop\/sv\/produkt\/ak-docka-thea-175-cm\/","title":{"rendered":"AK Docka Thea | 175 cm"},"content":{"rendered":"","protected":false},"excerpt":{"rendered":"<p>Doll.shop presenterar dig med AK Doll Thea, en mycket speciell premium sexdocka. Om du bara \u00e4r intresserad av det b\u00e4sta av det b\u00e4sta, b\u00f6r du definitivt inte missa den h\u00e4r underbara brunetten.   <\/p>\n<p>Denna k\u00e4rleksdocka \u00e4r mycket imponerande med en h\u00f6jd av 175 cm. Detta g\u00f6r henne till den perfekta partnern f\u00f6r alla \u00e4lskare av l\u00e5nga kvinnor. Thea har f\u00f6rtrollande l\u00e5nga, smala ben som snabbt kommer att g\u00f6ra dig galen. Dessutom har denna brunett en riktig dr\u00f6mkropp. Hon har vackra, stora br\u00f6st samt en attraktiv, sportig rumpa. Dessutom \u00e4r AK Doll Thea i allm\u00e4nhet mycket smal och har bara feminina kurvor p\u00e5 r\u00e4tt st\u00e4llen. Thea har en mycket ljus hudf\u00e4rg och ser d\u00e4rf\u00f6r v\u00e4ldigt elegant ut. Denna k\u00e4rleksdocka fr\u00e5n AK Doll-m\u00e4rket har inte bara en perfekt kropp utan ocks\u00e5 ett mycket h\u00e4rligt och vackert ansikte. F\u00f6rest\u00e4ll dig bara de vackra och romantiska stunderna du kan ha med Thea p\u00e5 middagen. Du kan ocks\u00e5 l\u00e5ta din fantasi springa vild och uppfylla alla dina sexuella \u00f6nskningar med denna dr\u00f6mkvinna.         <\/p>\n","protected":false},"featured_media":946910,"comment_status":"open","ping_status":"closed","template":"","meta":[],"product_brand":[],"product_cat":[1366,1311],"product_tag":[],"class_list":{"0":"post-946779","1":"product","2":"type-product","3":"status-publish","4":"has-post-thumbnail","6":"product_cat-aengelkyssdockor-ak-dolls","7":"product_cat-sexdockor","8":"pa_brand-ak-doll-sv","10":"first","11":"onbackorder","12":"taxable","13":"shipping-taxable","14":"purchasable","15":"product-type-simple"},"_links":{"self":[{"href":"https:\/\/doll.shop\/sv\/wp-json\/wp\/v2\/product\/946779","targetHints":{"allow":["GET"]}}],"collection":[{"href":"https:\/\/doll.shop\/sv\/wp-json\/wp\/v2\/product"}],"about":[{"href":"https:\/\/doll.shop\/sv\/wp-json\/wp\/v2\/types\/product"}],"replies":[{"embeddable":true,"href":"https:\/\/doll.shop\/sv\/wp-json\/wp\/v2\/comments?post=946779"}],"wp:featuredmedia":[{"embeddable":true,"href":"https:\/\/doll.shop\/sv\/wp-json\/wp\/v2\/media\/946910"}],"wp:attachment":[{"href":"https:\/\/doll.shop\/sv\/wp-json\/wp\/v2\/media?parent=946779"}],"wp:term":[{"taxonomy":"product_brand","embeddable":true,"href":"https:\/\/doll.shop\/sv\/wp-json\/wp\/v2\/product_brand?post=946779"},{"taxonomy":"product_cat","embeddable":true,"href":"https:\/\/doll.shop\/sv\/wp-json\/wp\/v2\/product_cat?post=946779"},{"taxonomy":"product_tag","embeddable":true,"href":"https:\/\/doll.shop\/sv\/wp-json\/wp\/v2\/product_tag?post=946779"}],"curies":[{"name":"wp","href":"https:\/\/api.w.org\/{rel}","templated":true}]}}