{"id":946778,"date":"2022-11-07T07:44:57","date_gmt":"2022-11-07T06:44:57","guid":{"rendered":"https:\/\/doll.shop\/produkt\/ak-doll-lilly-165cm\/"},"modified":"2026-01-16T17:57:24","modified_gmt":"2026-01-16T16:57:24","slug":"ak-doll-lilly-165cm","status":"publish","type":"product","link":"https:\/\/doll.shop\/sv\/produkt\/ak-doll-lilly-165cm\/","title":{"rendered":"AK Doll Lilly | 165cm"},"content":{"rendered":"","protected":false},"excerpt":{"rendered":"<p>AK Doll \u00e4r k\u00e4nd f\u00f6r att producera sexdockor av extremt h\u00f6g kvalitet. Denna blonda k\u00e4rleksdocka med l\u00e5ngt, rakt h\u00e5r \u00e4r en enast\u00e5ende sk\u00f6nhet som l\u00e4tt sticker ut fr\u00e5n m\u00e4ngden i verkliga livet. Denna modell fr\u00e5n AK Doll-varum\u00e4rket \u00e4r helt tillverkad av silikon. Sexdockan ser naturligtvis redan f\u00f6rtrollande ut p\u00e5 bilderna. Vi kan lova dig att du kommer att bli f\u00f6rv\u00e5nad n\u00e4r du ser den h\u00e4r dockan i verkliga livet f\u00f6r f\u00f6rsta g\u00e5ngen. Men hon har inte bara ett vackert ansikte. Kroppen p\u00e5 denna blondin \u00e4r helt perfekt. L\u00e5nga, smala ben och en platt mage betonar den h\u00e4r sk\u00f6nhetens atletism. De perfekt runda br\u00f6sten och den fasta rumpan understryker \u00e5 andra sidan den h\u00e4r k\u00e4rleksdockans kvinnlighet.        <\/p>\n<p>Observera att vi levererar alla modeller med en avtagbar peruk som standard. Om du vill ha en implanterad peruk, v\u00e4nligen kontakta oss f\u00f6r mer information. <\/p>\n","protected":false},"featured_media":946817,"comment_status":"open","ping_status":"closed","template":"","meta":[],"product_brand":[],"product_cat":[1366,1311],"product_tag":[],"class_list":{"0":"post-946778","1":"product","2":"type-product","3":"status-publish","4":"has-post-thumbnail","6":"product_cat-aengelkyssdockor-ak-dolls","7":"product_cat-sexdockor","8":"pa_brand-ak-doll-sv","10":"first","11":"outofstock","12":"sale","13":"taxable","14":"shipping-taxable","15":"purchasable","16":"product-type-simple"},"_links":{"self":[{"href":"https:\/\/doll.shop\/sv\/wp-json\/wp\/v2\/product\/946778","targetHints":{"allow":["GET"]}}],"collection":[{"href":"https:\/\/doll.shop\/sv\/wp-json\/wp\/v2\/product"}],"about":[{"href":"https:\/\/doll.shop\/sv\/wp-json\/wp\/v2\/types\/product"}],"replies":[{"embeddable":true,"href":"https:\/\/doll.shop\/sv\/wp-json\/wp\/v2\/comments?post=946778"}],"wp:featuredmedia":[{"embeddable":true,"href":"https:\/\/doll.shop\/sv\/wp-json\/wp\/v2\/media\/946817"}],"wp:attachment":[{"href":"https:\/\/doll.shop\/sv\/wp-json\/wp\/v2\/media?parent=946778"}],"wp:term":[{"taxonomy":"product_brand","embeddable":true,"href":"https:\/\/doll.shop\/sv\/wp-json\/wp\/v2\/product_brand?post=946778"},{"taxonomy":"product_cat","embeddable":true,"href":"https:\/\/doll.shop\/sv\/wp-json\/wp\/v2\/product_cat?post=946778"},{"taxonomy":"product_tag","embeddable":true,"href":"https:\/\/doll.shop\/sv\/wp-json\/wp\/v2\/product_tag?post=946778"}],"curies":[{"name":"wp","href":"https:\/\/api.w.org\/{rel}","templated":true}]}}