{"id":946777,"date":"2022-09-20T11:04:21","date_gmt":"2022-09-20T09:04:21","guid":{"rendered":"https:\/\/doll.shop\/produkt\/ytterligare-ett-par-oegon\/"},"modified":"2025-10-28T22:34:10","modified_gmt":"2025-10-28T21:34:10","slug":"ytterligare-ett-par-oegon","status":"publish","type":"product","link":"https:\/\/doll.shop\/sv\/produkt\/ytterligare-ett-par-oegon\/","title":{"rendered":"Ytterligare ett par \u00f6gon"},"content":{"rendered":"","protected":false},"excerpt":{"rendered":"<p>K\u00f6p ett extra par \u00f6gon till din sexdocka!<\/p>\n<p>Du kan snabbt ge din sexdocka ett helt annat utseende p\u00e5 det h\u00e4r s\u00e4ttet. Du kan best\u00e4lla \u00f6gon i olika f\u00e4rger fr\u00e5n Doll.shop s\u00e5 att du f\u00e5r mer variation i ditt liv med din sexdocka. V\u00e4lj mellan f\u00e4rgerna bl\u00e5, gr\u00f6n, brun och svart. Du kommer garanterat att hitta en f\u00e4rg som passar din sexdocka. \u00d6gonparen som du kan best\u00e4lla fr\u00e5n oss \u00e4r l\u00e4mpliga f\u00f6r alla sexdockor av alla m\u00e4rken!    <\/p>\n","protected":false},"featured_media":946780,"comment_status":"open","ping_status":"closed","template":"","meta":[],"product_brand":[],"product_cat":[1359],"product_tag":[],"class_list":{"0":"post-946777","1":"product","2":"type-product","3":"status-publish","4":"has-post-thumbnail","6":"product_cat-tillbehoer-till-din-sexdocka","7":"product_shipping_class-liten","9":"first","10":"instock","11":"taxable","12":"shipping-taxable","13":"purchasable","14":"product-type-variable"},"_links":{"self":[{"href":"https:\/\/doll.shop\/sv\/wp-json\/wp\/v2\/product\/946777","targetHints":{"allow":["GET"]}}],"collection":[{"href":"https:\/\/doll.shop\/sv\/wp-json\/wp\/v2\/product"}],"about":[{"href":"https:\/\/doll.shop\/sv\/wp-json\/wp\/v2\/types\/product"}],"replies":[{"embeddable":true,"href":"https:\/\/doll.shop\/sv\/wp-json\/wp\/v2\/comments?post=946777"}],"wp:featuredmedia":[{"embeddable":true,"href":"https:\/\/doll.shop\/sv\/wp-json\/wp\/v2\/media\/946780"}],"wp:attachment":[{"href":"https:\/\/doll.shop\/sv\/wp-json\/wp\/v2\/media?parent=946777"}],"wp:term":[{"taxonomy":"product_brand","embeddable":true,"href":"https:\/\/doll.shop\/sv\/wp-json\/wp\/v2\/product_brand?post=946777"},{"taxonomy":"product_cat","embeddable":true,"href":"https:\/\/doll.shop\/sv\/wp-json\/wp\/v2\/product_cat?post=946777"},{"taxonomy":"product_tag","embeddable":true,"href":"https:\/\/doll.shop\/sv\/wp-json\/wp\/v2\/product_tag?post=946777"}],"curies":[{"name":"wp","href":"https:\/\/api.w.org\/{rel}","templated":true}]}}