{"id":946776,"date":"2023-08-01T10:41:17","date_gmt":"2023-08-01T08:41:17","guid":{"rendered":"https:\/\/doll.shop\/produkt\/hollaendsk-docka-tiana-159-cm\/"},"modified":"2026-04-06T20:46:56","modified_gmt":"2026-04-06T18:46:56","slug":"hollaendsk-docka-tiana-159-cm","status":"publish","type":"product","link":"https:\/\/doll.shop\/sv\/produkt\/hollaendsk-docka-tiana-159-cm\/","title":{"rendered":"DutchDoll Tiana | 159 cm"},"content":{"rendered":"","protected":false},"excerpt":{"rendered":"<p>M\u00f6t DutchDoll\u00ae Tiana: den yppiga, storbystade blondinen med \u00e4nglalik karisma som f\u00e5r alla dina \u00f6nskningar att g\u00e5 i uppfyllelse. Med sitt verklighetstrogna utseende, vackra ljusblonda h\u00e5r och E-kupstorlek utstr\u00e5lar hon lugn och ro. Tack vare det h\u00f6gkvalitativa EVO+ -skelettet, fingerskelettet, st\u00e5funktionen, gelbr\u00f6sten och tungan \u00e4r Tiana s\u00e4rskilt lyxig.<\/p>\n<p>Tack vare det h\u00f6gkvalitativa TPE (V3.0)-materialet k\u00e4nns denna sexdocka inte bara som en riktig kvinna, utan erbjuder ocks\u00e5 komfort och njutning under intima stunder. De mjuka gelbr\u00f6sten och den sl\u00e4ta huden s\u00e4kerst\u00e4ller en behaglig upplevelse.<\/p>\n<p>Med sitt flexibla EVO+-skelett och sin l\u00e5ga vikt p\u00e5 bara 29 kg kan Tiana enkelt flyttas till alla positioner. Hon kan till och med h\u00e5lla l\u00e4tta f\u00f6rem\u00e5l och har en praktisk st\u00e5funktion.<\/p>\n<p>Best\u00e4ll Tiana idag och l\u00e5t henne uppfylla dina djupaste fantasier. Denna vackra sexdocka \u00e4r perfekt f\u00f6r m\u00e4nniskor i alla \u00e5ldrar, s\u00e5 tveka inte att ta ditt n\u00f6je till en helt ny niv\u00e5 med DutchDoll\u00ae Tiana.<\/p>\n","protected":false},"featured_media":946791,"comment_status":"open","ping_status":"closed","template":"","meta":[],"product_brand":[],"product_cat":[1312,1311],"product_tag":[],"class_list":{"0":"post-946776","1":"product","2":"type-product","3":"status-publish","4":"has-post-thumbnail","6":"product_cat-dutchdoll-sv","7":"product_cat-sexdockor","8":"pa_brand-dutchdoll-sv","10":"first","11":"instock","12":"taxable","13":"shipping-taxable","14":"purchasable","15":"product-type-simple"},"_links":{"self":[{"href":"https:\/\/doll.shop\/sv\/wp-json\/wp\/v2\/product\/946776","targetHints":{"allow":["GET"]}}],"collection":[{"href":"https:\/\/doll.shop\/sv\/wp-json\/wp\/v2\/product"}],"about":[{"href":"https:\/\/doll.shop\/sv\/wp-json\/wp\/v2\/types\/product"}],"replies":[{"embeddable":true,"href":"https:\/\/doll.shop\/sv\/wp-json\/wp\/v2\/comments?post=946776"}],"wp:featuredmedia":[{"embeddable":true,"href":"https:\/\/doll.shop\/sv\/wp-json\/wp\/v2\/media\/946791"}],"wp:attachment":[{"href":"https:\/\/doll.shop\/sv\/wp-json\/wp\/v2\/media?parent=946776"}],"wp:term":[{"taxonomy":"product_brand","embeddable":true,"href":"https:\/\/doll.shop\/sv\/wp-json\/wp\/v2\/product_brand?post=946776"},{"taxonomy":"product_cat","embeddable":true,"href":"https:\/\/doll.shop\/sv\/wp-json\/wp\/v2\/product_cat?post=946776"},{"taxonomy":"product_tag","embeddable":true,"href":"https:\/\/doll.shop\/sv\/wp-json\/wp\/v2\/product_tag?post=946776"}],"curies":[{"name":"wp","href":"https:\/\/api.w.org\/{rel}","templated":true}]}}