{"id":946684,"date":"2023-08-01T10:48:06","date_gmt":"2023-08-01T08:48:06","guid":{"rendered":"https:\/\/doll.shop\/produkt\/hollaendsk-docka-kate-159-cm\/"},"modified":"2026-04-06T21:35:52","modified_gmt":"2026-04-06T19:35:52","slug":"hollaendsk-docka-kate-159-cm","status":"publish","type":"product","link":"https:\/\/doll.shop\/sv\/produkt\/hollaendsk-docka-kate-159-cm\/","title":{"rendered":"DutchDoll Kate | 159 cm"},"content":{"rendered":"","protected":false},"excerpt":{"rendered":"<p>Kate ser ut som en riktig klassisk sk\u00f6nhet. Hon \u00e4r robust och sj\u00e4lvs\u00e4ker, en elegant brunett p\u00e5 159 cm med en fantastisk timglasfigur och stora, verklighetstrogna br\u00f6st. Kates symmetriska ansikte, fylliga l\u00e4ppar och sensuella \u00f6gon g\u00f6r henne oemotst\u00e5ndlig.<\/p>\n<p>Njut av en verklighetstrogen upplevelse tack vare det h\u00f6gkvalitativa TPE-materialet (V3.0) och de mjuka, gelfyllda br\u00f6sten f\u00f6r optimal komfort. Med EVO+-skelettet och fingerskelettet r\u00f6r sig Kate utan anstr\u00e4ngning i alla positioner, till och med att h\u00e5lla l\u00e4tta f\u00f6rem\u00e5l \u00e4r m\u00f6jligt.<\/p>\n<p>DutchDoll\u00ae \u00e4r k\u00e4nt f\u00f6r kvalitet och anv\u00e4ndarv\u00e4nlighet och med Kate erbjuds en unik, attraktiv sexdocka som uppfyller alla dina behov. Som ett holl\u00e4ndskt varum\u00e4rke har DutchDoll\u00ae varit dedikerat till att producera h\u00f6gkvalitativa sexdockor f\u00f6r varje budget sedan 2017. L\u00e4r k\u00e4nna Kate och upplev den ultimata njutningen med DutchDoll\u00ae.<\/p>\n","protected":false},"featured_media":946757,"comment_status":"open","ping_status":"closed","template":"","meta":[],"product_brand":[],"product_cat":[1312,1311],"product_tag":[],"class_list":{"0":"post-946684","1":"product","2":"type-product","3":"status-publish","4":"has-post-thumbnail","6":"product_cat-dutchdoll-sv","7":"product_cat-sexdockor","8":"pa_brand-dutchdoll-sv","10":"first","11":"instock","12":"taxable","13":"shipping-taxable","14":"purchasable","15":"product-type-simple"},"_links":{"self":[{"href":"https:\/\/doll.shop\/sv\/wp-json\/wp\/v2\/product\/946684","targetHints":{"allow":["GET"]}}],"collection":[{"href":"https:\/\/doll.shop\/sv\/wp-json\/wp\/v2\/product"}],"about":[{"href":"https:\/\/doll.shop\/sv\/wp-json\/wp\/v2\/types\/product"}],"replies":[{"embeddable":true,"href":"https:\/\/doll.shop\/sv\/wp-json\/wp\/v2\/comments?post=946684"}],"wp:featuredmedia":[{"embeddable":true,"href":"https:\/\/doll.shop\/sv\/wp-json\/wp\/v2\/media\/946757"}],"wp:attachment":[{"href":"https:\/\/doll.shop\/sv\/wp-json\/wp\/v2\/media?parent=946684"}],"wp:term":[{"taxonomy":"product_brand","embeddable":true,"href":"https:\/\/doll.shop\/sv\/wp-json\/wp\/v2\/product_brand?post=946684"},{"taxonomy":"product_cat","embeddable":true,"href":"https:\/\/doll.shop\/sv\/wp-json\/wp\/v2\/product_cat?post=946684"},{"taxonomy":"product_tag","embeddable":true,"href":"https:\/\/doll.shop\/sv\/wp-json\/wp\/v2\/product_tag?post=946684"}],"curies":[{"name":"wp","href":"https:\/\/api.w.org\/{rel}","templated":true}]}}