{"id":946683,"date":"2023-08-01T10:15:29","date_gmt":"2023-08-01T08:15:29","guid":{"rendered":"https:\/\/doll.shop\/produkt\/hollaendskadoll-eva-157-cm\/"},"modified":"2026-04-21T21:33:33","modified_gmt":"2026-04-21T19:33:33","slug":"hollaendskadoll-eva-157-cm","status":"publish","type":"product","link":"https:\/\/doll.shop\/sv\/produkt\/hollaendskadoll-eva-157-cm\/","title":{"rendered":"DutchDoll Eva | 157 cm"},"content":{"rendered":"","protected":false},"excerpt":{"rendered":"<p>Eva ser ut som den ultimata f\u00f6rf\u00f6rerskan som kommer att v\u00e4cka alla dina vildaste dr\u00f6mmar till liv. Den h\u00e4r l\u00e4tta sexdockan v\u00e4ger bara 29 kg, vilket g\u00f6r henne l\u00e4tt att flytta och hantera. EVO+-skelettet g\u00f6r att du kan s\u00e4tta henne i liknande positioner som en riktig kvinna.<\/p>\n","protected":false},"featured_media":946735,"comment_status":"open","ping_status":"closed","template":"","meta":[],"product_brand":[],"product_cat":[1312,1311],"product_tag":[],"class_list":{"0":"post-946683","1":"product","2":"type-product","3":"status-publish","4":"has-post-thumbnail","6":"product_cat-dutchdoll-sv","7":"product_cat-sexdockor","8":"pa_brand-dutchdoll-sv","10":"first","11":"outofstock","12":"taxable","13":"shipping-taxable","14":"purchasable","15":"product-type-simple"},"_links":{"self":[{"href":"https:\/\/doll.shop\/sv\/wp-json\/wp\/v2\/product\/946683","targetHints":{"allow":["GET"]}}],"collection":[{"href":"https:\/\/doll.shop\/sv\/wp-json\/wp\/v2\/product"}],"about":[{"href":"https:\/\/doll.shop\/sv\/wp-json\/wp\/v2\/types\/product"}],"replies":[{"embeddable":true,"href":"https:\/\/doll.shop\/sv\/wp-json\/wp\/v2\/comments?post=946683"}],"wp:featuredmedia":[{"embeddable":true,"href":"https:\/\/doll.shop\/sv\/wp-json\/wp\/v2\/media\/946735"}],"wp:attachment":[{"href":"https:\/\/doll.shop\/sv\/wp-json\/wp\/v2\/media?parent=946683"}],"wp:term":[{"taxonomy":"product_brand","embeddable":true,"href":"https:\/\/doll.shop\/sv\/wp-json\/wp\/v2\/product_brand?post=946683"},{"taxonomy":"product_cat","embeddable":true,"href":"https:\/\/doll.shop\/sv\/wp-json\/wp\/v2\/product_cat?post=946683"},{"taxonomy":"product_tag","embeddable":true,"href":"https:\/\/doll.shop\/sv\/wp-json\/wp\/v2\/product_tag?post=946683"}],"curies":[{"name":"wp","href":"https:\/\/api.w.org\/{rel}","templated":true}]}}