{"id":946682,"date":"2022-09-20T10:49:59","date_gmt":"2022-09-20T08:49:59","guid":{"rendered":"https:\/\/doll.shop\/produkt\/underklaeder-foer-en-sexdocka\/"},"modified":"2025-12-05T12:31:26","modified_gmt":"2025-12-05T11:31:26","slug":"underklaeder-foer-en-sexdocka","status":"publish","type":"product","link":"https:\/\/doll.shop\/sv\/produkt\/underklaeder-foer-en-sexdocka\/","title":{"rendered":"Underkl\u00e4der f\u00f6r en sexdocka"},"content":{"rendered":"","protected":false},"excerpt":{"rendered":"<p>M\u00e5nga kvinnor spenderar mycket pengar p\u00e5 vackra underkl\u00e4der, och inte utan anledning. En vacker beh\u00e5 kan visa upp en kvinnas br\u00f6st, och \u00e4ven br\u00f6sten p\u00e5 en sexdocka, mycket b\u00e4ttre. Kan du f\u00f6rest\u00e4lla dig dessa vackra underkl\u00e4der p\u00e5 din k\u00e4rleksdocka? Om du vill ha lite romantisk tid tillsammans med din docka, b\u00f6r du definitivt \u00f6verv\u00e4ga att k\u00f6pa dessa underkl\u00e4der.   <\/p>\n","protected":false},"featured_media":946747,"comment_status":"open","ping_status":"closed","template":"","meta":[],"product_brand":[],"product_cat":[1359],"product_tag":[],"class_list":{"0":"post-946682","1":"product","2":"type-product","3":"status-publish","4":"has-post-thumbnail","6":"product_cat-tillbehoer-till-din-sexdocka","7":"product_shipping_class-liten","9":"first","10":"outofstock","11":"taxable","12":"shipping-taxable","13":"purchasable","14":"product-type-simple"},"_links":{"self":[{"href":"https:\/\/doll.shop\/sv\/wp-json\/wp\/v2\/product\/946682","targetHints":{"allow":["GET"]}}],"collection":[{"href":"https:\/\/doll.shop\/sv\/wp-json\/wp\/v2\/product"}],"about":[{"href":"https:\/\/doll.shop\/sv\/wp-json\/wp\/v2\/types\/product"}],"replies":[{"embeddable":true,"href":"https:\/\/doll.shop\/sv\/wp-json\/wp\/v2\/comments?post=946682"}],"wp:featuredmedia":[{"embeddable":true,"href":"https:\/\/doll.shop\/sv\/wp-json\/wp\/v2\/media\/946747"}],"wp:attachment":[{"href":"https:\/\/doll.shop\/sv\/wp-json\/wp\/v2\/media?parent=946682"}],"wp:term":[{"taxonomy":"product_brand","embeddable":true,"href":"https:\/\/doll.shop\/sv\/wp-json\/wp\/v2\/product_brand?post=946682"},{"taxonomy":"product_cat","embeddable":true,"href":"https:\/\/doll.shop\/sv\/wp-json\/wp\/v2\/product_cat?post=946682"},{"taxonomy":"product_tag","embeddable":true,"href":"https:\/\/doll.shop\/sv\/wp-json\/wp\/v2\/product_tag?post=946682"}],"curies":[{"name":"wp","href":"https:\/\/api.w.org\/{rel}","templated":true}]}}