{"id":946681,"date":"2023-02-09T11:19:43","date_gmt":"2023-02-09T10:19:43","guid":{"rendered":"https:\/\/doll.shop\/produkt\/ak-doll-maja-165cm\/"},"modified":"2025-12-05T12:29:02","modified_gmt":"2025-12-05T11:29:02","slug":"ak-doll-maja-165cm","status":"publish","type":"product","link":"https:\/\/doll.shop\/sv\/produkt\/ak-doll-maja-165cm\/","title":{"rendered":"AK Doll Maja | 165cm"},"content":{"rendered":"","protected":false},"excerpt":{"rendered":"<p>Maja \u00e4r en premium sexdocka fr\u00e5n AK Doll-m\u00e4rket som ser mycket b\u00e4ttre ut \u00e4n vad hon egentligen \u00e4r. Om du vill ha ett of\u00f6rgl\u00f6mligt \u00e4ventyr med en vacker brunett, b\u00f6r du definitivt titta n\u00e4rmare p\u00e5 denna k\u00e4rleksdocka. Maja \u00e4r 165 cm l\u00e5ng och kan d\u00e4rf\u00f6r vara den perfekta partnern f\u00f6r dig, oavsett din h\u00f6jd, \u00e5lder eller styrka. Maja har ett f\u00f6rtrollande, vackert ansikte med underbara, fylliga l\u00e4ppar som inbjuder dig att kyssa henne. F\u00f6rutom ett vackert ansikte har AK Doll Maja ocks\u00e5 kroppen av en supermodell med vackra fylliga br\u00f6st. Om du v\u00e4ljer denna sexdocka, som \u00e4r helt tillverkad av silikon, kommer ditt sexliv garanterat att tas till en helt ny niv\u00e5.     <\/p>\n","protected":false},"featured_media":946685,"comment_status":"open","ping_status":"closed","template":"","meta":[],"product_brand":[],"product_cat":[1366,1311],"product_tag":[],"class_list":{"0":"post-946681","1":"product","2":"type-product","3":"status-publish","4":"has-post-thumbnail","6":"product_cat-aengelkyssdockor-ak-dolls","7":"product_cat-sexdockor","8":"pa_brand-ak-doll-sv","10":"first","11":"onbackorder","12":"taxable","13":"shipping-taxable","14":"purchasable","15":"product-type-simple"},"_links":{"self":[{"href":"https:\/\/doll.shop\/sv\/wp-json\/wp\/v2\/product\/946681","targetHints":{"allow":["GET"]}}],"collection":[{"href":"https:\/\/doll.shop\/sv\/wp-json\/wp\/v2\/product"}],"about":[{"href":"https:\/\/doll.shop\/sv\/wp-json\/wp\/v2\/types\/product"}],"replies":[{"embeddable":true,"href":"https:\/\/doll.shop\/sv\/wp-json\/wp\/v2\/comments?post=946681"}],"wp:featuredmedia":[{"embeddable":true,"href":"https:\/\/doll.shop\/sv\/wp-json\/wp\/v2\/media\/946685"}],"wp:attachment":[{"href":"https:\/\/doll.shop\/sv\/wp-json\/wp\/v2\/media?parent=946681"}],"wp:term":[{"taxonomy":"product_brand","embeddable":true,"href":"https:\/\/doll.shop\/sv\/wp-json\/wp\/v2\/product_brand?post=946681"},{"taxonomy":"product_cat","embeddable":true,"href":"https:\/\/doll.shop\/sv\/wp-json\/wp\/v2\/product_cat?post=946681"},{"taxonomy":"product_tag","embeddable":true,"href":"https:\/\/doll.shop\/sv\/wp-json\/wp\/v2\/product_tag?post=946681"}],"curies":[{"name":"wp","href":"https:\/\/api.w.org\/{rel}","templated":true}]}}