{"id":946584,"date":"2022-03-24T10:47:53","date_gmt":"2022-03-24T09:47:53","guid":{"rendered":"https:\/\/doll.shop\/produkt\/yara-sexdocka-158-cm\/"},"modified":"2026-04-22T10:36:32","modified_gmt":"2026-04-22T08:36:32","slug":"yara-sexdocka-158-cm","status":"publish","type":"product","link":"https:\/\/doll.shop\/sv\/produkt\/yara-sexdocka-158-cm\/","title":{"rendered":"EL doll Riley | 158 cm"},"content":{"rendered":"<p>RF Doll Yara \u00e4r inte v\u00e5r b\u00e4sts\u00e4ljare f\u00f6r ingenting. Denna k\u00e4rleksdocka \u00e4r 158 cm l\u00e5ng och har vackert m\u00f6rkbrunt h\u00e5r. P\u00e5 grund av sin storlek \u00e4r den h\u00e4r modellen l\u00e4tt att hantera. Yara har ett mycket sl\u00e5ende, f\u00f6rf\u00f6riskt utseende. N\u00e4r du v\u00e4l har sett denna sk\u00f6nhet kommer du inte att kunna ta \u00f6gonen fr\u00e5n henne.    <\/p>\n<h3>Pluspo\u00e4ng f\u00f6r denna sexdocka:<\/h3>\n<ul>\n<li>Livsstorlek (158 cm)<\/li>\n<li>V\u00e4lk\u00e4nt och etablerat varum\u00e4rke<\/li>\n<li>Kundernas favorit<\/li>\n<li>Otroligt bra f\u00f6rh\u00e5llande mellan pris och prestanda<\/li>\n<\/ul>\n<h3>Kvalitet hos RF Doll<\/h3>\n<p>Alla RF Doll k\u00e4rleksdockor \u00e4r tillverkade av TPE (termoplastisk elastomer), vilket ger dockornas hud en mycket naturlig k\u00e4nsla. F\u00f6r b\u00e4ttre stabilitet och enklare hantering har alla RF Doll-dockor som standard en fot med inbyggd st\u00e5funktion (\u00e4ven k\u00e4nd som en st\u00e5ende fot). Varje docka av detta m\u00e4rke har ocks\u00e5 ett skelett, som \u00e4r tillverkat av metall. Detta inre skelett \u00e4r mycket stabilt och starkt och ger dockan ytterligare stabilitet.   <\/p>\n<h3>Sexuella m\u00f6jligheter med Yara<\/h3>\n<p>Yara \u00e4r en riktig vilding. Yara \u00e4r den perfekta sexpartnern f\u00f6r dig. Om du inte \u00e4r p\u00e5 hum\u00f6r och bara vill koppla av p\u00e5 soffan \u00e4r det inget problem heller. Yara \u00e4r verkligen spontan och kommer att g\u00f6ra vad du \u00e4n k\u00e4nner f\u00f6r att g\u00f6ra. Dina kv\u00e4llar kommer verkligen inte att vara ensamma tack vare Yara och ditt sexliv kommer att tas till en helt ny niv\u00e5 tack vare denna attraktiva docka. Vill du att en k\u00e5t och villig brunett ska ge dig en avsugning f\u00f6r att fira efter en l\u00e5ng vecka p\u00e5 jobbet? Det \u00e4r inget problem alls! Yara kan uppfylla alla dina sexuella \u00f6nskningar. Om du hellre vill ha normalt sex med Yara finns det inget som st\u00e5r i v\u00e4gen. Det \u00e4r b\u00e4st att anv\u00e4nda lite vattenbaserat glidmedel f\u00f6r en trevligare sexuell upplevelse. \u00c4r du mer intresserad av att ta n\u00e5gon bakifr\u00e5n? Det \u00e4r inte l\u00e4ngre n\u00e5got problem tack vare det inbyggda metallskelettet och foten med st\u00e5funktion. Du kan experimentera med otaliga positioner. Om du vill ta Yara bakifr\u00e5n men \u00e4r mer intresserad av analsex \u00e4r det inte heller n\u00e5got problem. Du kan leva ut alla dina fantasier med denna medelhavssk\u00f6nhet.              <\/p>\n","protected":false},"excerpt":{"rendered":"<p>EL doll Riley \u00e4r en mycket attraktiv brunett. Hon har vackra hassel\u00f6gon och sticker ut med sitt vackra utseende. S\u00e5 snart du tittar in i hennes \u00f6gon kan du inte ta \u00f6gonen fr\u00e5n henne. Riley v\u00e4ger 32 kilo. Hon \u00e4r ocks\u00e5 158 cm l\u00e5ng och har underbart m\u00f6rkbrunt h\u00e5r. Om du gillar brunetter fr\u00e5n Medelhavet b\u00f6r du definitivt ta en n\u00e4rmare titt p\u00e5 Riley.     <\/p>\n","protected":false},"featured_media":952308,"comment_status":"open","ping_status":"closed","template":"","meta":[],"product_brand":[],"product_cat":[1311,1386],"product_tag":[],"class_list":{"0":"post-946584","1":"product","2":"type-product","3":"status-publish","4":"has-post-thumbnail","6":"product_cat-sexdockor","7":"product_cat-rf-doll","8":"pa_brand-el-doll","10":"first","11":"instock","12":"sale","13":"featured","14":"taxable","15":"shipping-taxable","16":"purchasable","17":"product-type-simple"},"_links":{"self":[{"href":"https:\/\/doll.shop\/sv\/wp-json\/wp\/v2\/product\/946584","targetHints":{"allow":["GET"]}}],"collection":[{"href":"https:\/\/doll.shop\/sv\/wp-json\/wp\/v2\/product"}],"about":[{"href":"https:\/\/doll.shop\/sv\/wp-json\/wp\/v2\/types\/product"}],"replies":[{"embeddable":true,"href":"https:\/\/doll.shop\/sv\/wp-json\/wp\/v2\/comments?post=946584"}],"wp:featuredmedia":[{"embeddable":true,"href":"https:\/\/doll.shop\/sv\/wp-json\/wp\/v2\/media\/952308"}],"wp:attachment":[{"href":"https:\/\/doll.shop\/sv\/wp-json\/wp\/v2\/media?parent=946584"}],"wp:term":[{"taxonomy":"product_brand","embeddable":true,"href":"https:\/\/doll.shop\/sv\/wp-json\/wp\/v2\/product_brand?post=946584"},{"taxonomy":"product_cat","embeddable":true,"href":"https:\/\/doll.shop\/sv\/wp-json\/wp\/v2\/product_cat?post=946584"},{"taxonomy":"product_tag","embeddable":true,"href":"https:\/\/doll.shop\/sv\/wp-json\/wp\/v2\/product_tag?post=946584"}],"curies":[{"name":"wp","href":"https:\/\/api.w.org\/{rel}","templated":true}]}}