{"id":946583,"date":"2022-04-21T13:57:42","date_gmt":"2022-04-21T11:57:42","guid":{"rendered":"https:\/\/doll.shop\/produkt\/wm-docka-cato-166-cm\/"},"modified":"2025-12-05T12:37:41","modified_gmt":"2025-12-05T11:37:41","slug":"wm-docka-cato-166-cm","status":"publish","type":"product","link":"https:\/\/doll.shop\/sv\/produkt\/wm-docka-cato-166-cm\/","title":{"rendered":"WM Docka Cato | 166 cm"},"content":{"rendered":"","protected":false},"excerpt":{"rendered":"<p>WM Doll Cato \u00e4r en riktigt charmig brunett. Denna underbara kvinna sticker ut med sin vilda, lockiga frisyr. Hon ser s\u00e5 h\u00e4rlig ut p\u00e5 ett visst s\u00e4tt. Fr\u00e5gan \u00e4r, vad f\u00e5r Cato att ticka i verkliga livet? Det \u00e4r v\u00e4ldigt mycket upp till dig, f\u00f6r Cato \u00e4r verkligen anpassningsbar och vill bara behaga dig. L\u00e4r k\u00e4nna den h\u00e4r modellen nu och njut av hennes perfekta figur och hennes vackra, fulla br\u00f6st.     <\/p>\n","protected":false},"featured_media":946655,"comment_status":"open","ping_status":"closed","template":"","meta":[],"product_brand":[],"product_cat":[1336,1311],"product_tag":[],"class_list":{"0":"post-946583","1":"product","2":"type-product","3":"status-publish","4":"has-post-thumbnail","6":"product_cat-wm-doll","7":"product_cat-sexdockor","8":"pa_brand-wm-docka","10":"first","11":"onbackorder","12":"taxable","13":"shipping-taxable","14":"purchasable","15":"product-type-simple"},"_links":{"self":[{"href":"https:\/\/doll.shop\/sv\/wp-json\/wp\/v2\/product\/946583","targetHints":{"allow":["GET"]}}],"collection":[{"href":"https:\/\/doll.shop\/sv\/wp-json\/wp\/v2\/product"}],"about":[{"href":"https:\/\/doll.shop\/sv\/wp-json\/wp\/v2\/types\/product"}],"replies":[{"embeddable":true,"href":"https:\/\/doll.shop\/sv\/wp-json\/wp\/v2\/comments?post=946583"}],"wp:featuredmedia":[{"embeddable":true,"href":"https:\/\/doll.shop\/sv\/wp-json\/wp\/v2\/media\/946655"}],"wp:attachment":[{"href":"https:\/\/doll.shop\/sv\/wp-json\/wp\/v2\/media?parent=946583"}],"wp:term":[{"taxonomy":"product_brand","embeddable":true,"href":"https:\/\/doll.shop\/sv\/wp-json\/wp\/v2\/product_brand?post=946583"},{"taxonomy":"product_cat","embeddable":true,"href":"https:\/\/doll.shop\/sv\/wp-json\/wp\/v2\/product_cat?post=946583"},{"taxonomy":"product_tag","embeddable":true,"href":"https:\/\/doll.shop\/sv\/wp-json\/wp\/v2\/product_tag?post=946583"}],"curies":[{"name":"wp","href":"https:\/\/api.w.org\/{rel}","templated":true}]}}