{"id":946548,"date":"2022-04-15T08:34:52","date_gmt":"2022-04-15T06:34:52","guid":{"rendered":"https:\/\/doll.shop\/produkt\/maeko-sexdocka-157-cm\/"},"modified":"2026-03-11T06:27:30","modified_gmt":"2026-03-11T05:27:30","slug":"maeko-sexdocka-157-cm","status":"publish","type":"product","link":"https:\/\/doll.shop\/sv\/produkt\/maeko-sexdocka-157-cm\/","title":{"rendered":"Maeko sexdocka | 157 cm"},"content":{"rendered":"","protected":false},"excerpt":{"rendered":"<p>RF Doll Maeko \u00e4r verkligen unik. Denna blondin sticker ut med sitt extremt realistiska och vackra ansikte. Maeko har ocks\u00e5 en mycket \u00f6nskv\u00e4rd kropp. Om du \u00e4r en \u00e4lskare av asiatiska kvinnor b\u00f6r du verkligen titta n\u00e4rmare p\u00e5 denna sk\u00f6nhet! Maeko har en realistisk h\u00f6jd p\u00e5 157 cm och v\u00e4ger 32 kg.    <\/p>\n","protected":false},"featured_media":946621,"comment_status":"open","ping_status":"closed","template":"","meta":[],"product_brand":[],"product_cat":[1311,1386],"product_tag":[],"class_list":{"0":"post-946548","1":"product","2":"type-product","3":"status-publish","4":"has-post-thumbnail","6":"product_cat-sexdockor","7":"product_cat-rf-doll","8":"pa_brand-rf-docka","10":"first","11":"outofstock","12":"taxable","13":"shipping-taxable","14":"purchasable","15":"product-type-simple"},"_links":{"self":[{"href":"https:\/\/doll.shop\/sv\/wp-json\/wp\/v2\/product\/946548","targetHints":{"allow":["GET"]}}],"collection":[{"href":"https:\/\/doll.shop\/sv\/wp-json\/wp\/v2\/product"}],"about":[{"href":"https:\/\/doll.shop\/sv\/wp-json\/wp\/v2\/types\/product"}],"replies":[{"embeddable":true,"href":"https:\/\/doll.shop\/sv\/wp-json\/wp\/v2\/comments?post=946548"}],"wp:featuredmedia":[{"embeddable":true,"href":"https:\/\/doll.shop\/sv\/wp-json\/wp\/v2\/media\/946621"}],"wp:attachment":[{"href":"https:\/\/doll.shop\/sv\/wp-json\/wp\/v2\/media?parent=946548"}],"wp:term":[{"taxonomy":"product_brand","embeddable":true,"href":"https:\/\/doll.shop\/sv\/wp-json\/wp\/v2\/product_brand?post=946548"},{"taxonomy":"product_cat","embeddable":true,"href":"https:\/\/doll.shop\/sv\/wp-json\/wp\/v2\/product_cat?post=946548"},{"taxonomy":"product_tag","embeddable":true,"href":"https:\/\/doll.shop\/sv\/wp-json\/wp\/v2\/product_tag?post=946548"}],"curies":[{"name":"wp","href":"https:\/\/api.w.org\/{rel}","templated":true}]}}