{"id":946532,"date":"2022-03-28T13:53:26","date_gmt":"2022-03-28T11:53:26","guid":{"rendered":"https:\/\/doll.shop\/produkt\/firedoll-zora-166-cm\/"},"modified":"2026-04-22T11:32:20","modified_gmt":"2026-04-22T09:32:20","slug":"firedoll-zora-166-cm","status":"publish","type":"product","link":"https:\/\/doll.shop\/sv\/produkt\/firedoll-zora-166-cm\/","title":{"rendered":"Firedoll Zora | 166 cm"},"content":{"rendered":"","protected":false},"excerpt":{"rendered":"<p>Firedoll Zora \u00e4r en otrolig Latina med kroppen av en modell. Tack vare hennes h\u00f6jd p\u00e5 166 cm ser denna k\u00e4rleksdocka fr\u00e5n Firedoll extremt realistisk ut. Hon sticker ut fr\u00e5n m\u00e4ngden med sitt unika r\u00f6dbruna h\u00e5r och sin fr\u00e4cka men \u00e4nd\u00e5 h\u00e4rliga karisma. L\u00e5t dig \u00f6verraskas och ta reda p\u00e5 vad som verkligen f\u00e5r Zora att ticka. Vi kan f\u00f6rs\u00e4kra dig om en sak: du kommer inte att bli uttr\u00e5kad av denna Latina.<\/p>\n","protected":false},"featured_media":946598,"comment_status":"open","ping_status":"closed","template":"","meta":[],"product_brand":[],"product_cat":[1373,1311],"product_tag":[],"class_list":{"0":"post-946532","1":"product","2":"type-product","3":"status-publish","4":"has-post-thumbnail","6":"product_cat-firedoll-sv","7":"product_cat-sexdockor","8":"pa_brand-firedoll-sv","10":"first","11":"instock","12":"sale","13":"featured","14":"taxable","15":"shipping-taxable","16":"purchasable","17":"product-type-simple"},"_links":{"self":[{"href":"https:\/\/doll.shop\/sv\/wp-json\/wp\/v2\/product\/946532","targetHints":{"allow":["GET"]}}],"collection":[{"href":"https:\/\/doll.shop\/sv\/wp-json\/wp\/v2\/product"}],"about":[{"href":"https:\/\/doll.shop\/sv\/wp-json\/wp\/v2\/types\/product"}],"replies":[{"embeddable":true,"href":"https:\/\/doll.shop\/sv\/wp-json\/wp\/v2\/comments?post=946532"}],"wp:featuredmedia":[{"embeddable":true,"href":"https:\/\/doll.shop\/sv\/wp-json\/wp\/v2\/media\/946598"}],"wp:attachment":[{"href":"https:\/\/doll.shop\/sv\/wp-json\/wp\/v2\/media?parent=946532"}],"wp:term":[{"taxonomy":"product_brand","embeddable":true,"href":"https:\/\/doll.shop\/sv\/wp-json\/wp\/v2\/product_brand?post=946532"},{"taxonomy":"product_cat","embeddable":true,"href":"https:\/\/doll.shop\/sv\/wp-json\/wp\/v2\/product_cat?post=946532"},{"taxonomy":"product_tag","embeddable":true,"href":"https:\/\/doll.shop\/sv\/wp-json\/wp\/v2\/product_tag?post=946532"}],"curies":[{"name":"wp","href":"https:\/\/api.w.org\/{rel}","templated":true}]}}