{"id":946496,"date":"2022-04-21T14:11:21","date_gmt":"2022-04-21T12:11:21","guid":{"rendered":"https:\/\/doll.shop\/produkt\/wm-docka-chantal-164-cm\/"},"modified":"2026-03-11T04:04:56","modified_gmt":"2026-03-11T03:04:56","slug":"wm-docka-chantal-164-cm","status":"publish","type":"product","link":"https:\/\/doll.shop\/sv\/produkt\/wm-docka-chantal-164-cm\/","title":{"rendered":"WM Docka Chantal | 164 cm"},"content":{"rendered":"","protected":false},"excerpt":{"rendered":"<p>WM Doll Chantal \u00e4r den premium k\u00e4rleksdockan fr\u00e5n dina dr\u00f6mmar. Du vet vad som \u00e4r bra: hon beh\u00f6ver inte stanna f\u00e5ngad i dina dr\u00f6mmar! V\u00e4lj Chantal sexdocka nu och hon kan vara i ditt hem p\u00e5 bara n\u00e5gra dagar. Med en l\u00e4ngd p\u00e5 164 cm \u00e4r denna asiatiska dr\u00f6mkvinna mycket realistisk.   <\/p>\n","protected":false},"featured_media":946535,"comment_status":"open","ping_status":"closed","template":"","meta":[],"product_brand":[],"product_cat":[1336,1311],"product_tag":[],"class_list":{"0":"post-946496","1":"product","2":"type-product","3":"status-publish","4":"has-post-thumbnail","6":"product_cat-wm-doll","7":"product_cat-sexdockor","8":"pa_brand-wm-docka","10":"first","11":"onbackorder","12":"taxable","13":"shipping-taxable","14":"purchasable","15":"product-type-simple"},"_links":{"self":[{"href":"https:\/\/doll.shop\/sv\/wp-json\/wp\/v2\/product\/946496","targetHints":{"allow":["GET"]}}],"collection":[{"href":"https:\/\/doll.shop\/sv\/wp-json\/wp\/v2\/product"}],"about":[{"href":"https:\/\/doll.shop\/sv\/wp-json\/wp\/v2\/types\/product"}],"replies":[{"embeddable":true,"href":"https:\/\/doll.shop\/sv\/wp-json\/wp\/v2\/comments?post=946496"}],"wp:featuredmedia":[{"embeddable":true,"href":"https:\/\/doll.shop\/sv\/wp-json\/wp\/v2\/media\/946535"}],"wp:attachment":[{"href":"https:\/\/doll.shop\/sv\/wp-json\/wp\/v2\/media?parent=946496"}],"wp:term":[{"taxonomy":"product_brand","embeddable":true,"href":"https:\/\/doll.shop\/sv\/wp-json\/wp\/v2\/product_brand?post=946496"},{"taxonomy":"product_cat","embeddable":true,"href":"https:\/\/doll.shop\/sv\/wp-json\/wp\/v2\/product_cat?post=946496"},{"taxonomy":"product_tag","embeddable":true,"href":"https:\/\/doll.shop\/sv\/wp-json\/wp\/v2\/product_tag?post=946496"}],"curies":[{"name":"wp","href":"https:\/\/api.w.org\/{rel}","templated":true}]}}