{"id":946398,"date":"2022-08-07T09:53:38","date_gmt":"2022-08-07T07:53:38","guid":{"rendered":"https:\/\/doll.shop\/produkt\/wm-docka-mirthe-159-cm\/"},"modified":"2026-03-10T18:45:53","modified_gmt":"2026-03-10T17:45:53","slug":"wm-docka-mirthe-159-cm","status":"publish","type":"product","link":"https:\/\/doll.shop\/sv\/produkt\/wm-docka-mirthe-159-cm\/","title":{"rendered":"WM Docka Mirthe | 159 cm"},"content":{"rendered":"","protected":false},"excerpt":{"rendered":"<p>WM Doll Mirthe ser ut som den l\u00e4rare du alltid tyckte var vacker n\u00e4r du gick i skolan. Det fina \u00e4r att du inte l\u00e4ngre g\u00e5r i skolan och kan l\u00e4ra k\u00e4nna Mirthe i verkliga livet. Mirthe \u00e4r en ganska kort blondin med en h\u00f6jd av 159 cm. Hon har ett vackert ansikte och ser helt v\u00e4luppfostrad ut. Det v\u00e4cker genast fr\u00e5gan om hon \u00e4r lika ofarlig i verkligheten. Vi vill naturligtvis inte f\u00f6rst\u00f6ra hela \u00f6verraskningen, men vi kan s\u00e4ga s\u00e5 h\u00e4r mycket: Mirthe kan vara annorlunda! Trots sin lilla storlek har den h\u00e4r dockan relativt stora br\u00f6st med C-kupa. En s\u00e5dan h\u00e4rlig look tillsammans med en s\u00e5 het kropp \u00e4r en riktigt intressant kombination. Detta g\u00f6r denna premium k\u00e4rleksdocka till en verkligt oemotst\u00e5ndlig dam. Det som \u00e4r bra \u00e4r naturligtvis att du inte heller beh\u00f6ver motst\u00e5 denna graci\u00f6sitet!         <\/p>\n","protected":false},"featured_media":946466,"comment_status":"open","ping_status":"closed","template":"","meta":[],"product_brand":[],"product_cat":[1336,1311],"product_tag":[],"class_list":{"0":"post-946398","1":"product","2":"type-product","3":"status-publish","4":"has-post-thumbnail","6":"product_cat-wm-doll","7":"product_cat-sexdockor","8":"pa_brand-wm-docka","10":"first","11":"onbackorder","12":"taxable","13":"shipping-taxable","14":"purchasable","15":"product-type-simple"},"_links":{"self":[{"href":"https:\/\/doll.shop\/sv\/wp-json\/wp\/v2\/product\/946398","targetHints":{"allow":["GET"]}}],"collection":[{"href":"https:\/\/doll.shop\/sv\/wp-json\/wp\/v2\/product"}],"about":[{"href":"https:\/\/doll.shop\/sv\/wp-json\/wp\/v2\/types\/product"}],"replies":[{"embeddable":true,"href":"https:\/\/doll.shop\/sv\/wp-json\/wp\/v2\/comments?post=946398"}],"wp:featuredmedia":[{"embeddable":true,"href":"https:\/\/doll.shop\/sv\/wp-json\/wp\/v2\/media\/946466"}],"wp:attachment":[{"href":"https:\/\/doll.shop\/sv\/wp-json\/wp\/v2\/media?parent=946398"}],"wp:term":[{"taxonomy":"product_brand","embeddable":true,"href":"https:\/\/doll.shop\/sv\/wp-json\/wp\/v2\/product_brand?post=946398"},{"taxonomy":"product_cat","embeddable":true,"href":"https:\/\/doll.shop\/sv\/wp-json\/wp\/v2\/product_cat?post=946398"},{"taxonomy":"product_tag","embeddable":true,"href":"https:\/\/doll.shop\/sv\/wp-json\/wp\/v2\/product_tag?post=946398"}],"curies":[{"name":"wp","href":"https:\/\/api.w.org\/{rel}","templated":true}]}}