{"id":946324,"date":"2022-08-06T09:14:06","date_gmt":"2022-08-06T07:14:06","guid":{"rendered":"https:\/\/doll.shop\/produkt\/wm-docka-babette-172-cm\/"},"modified":"2025-12-05T12:34:41","modified_gmt":"2025-12-05T11:34:41","slug":"wm-docka-babette-172-cm","status":"publish","type":"product","link":"https:\/\/doll.shop\/sv\/produkt\/wm-docka-babette-172-cm\/","title":{"rendered":"WM Docka Babette | 172 cm"},"content":{"rendered":"","protected":false},"excerpt":{"rendered":"<p>WM Doll Babette \u00e4r en riktigt galen kvinna \u00e4ven utan ansiktssmyckena p\u00e5 bilderna. Observera att piercingarna och \u00f6rh\u00e4ngena p\u00e5 bilderna inte ing\u00e5r i denna k\u00e4rleksdocka. Detaljerna i bilderna hj\u00e4lper dig dock att f\u00f6rst\u00e5 hur vild den h\u00e4r damen faktiskt \u00e4r. Babette \u00e4r en riktigt l\u00e5ng dam med en l\u00e4ngd p\u00e5 172 cm. Hon \u00e4r s\u00e5 atletisk och spr\u00e4ngfylld med energi. Babette har ett bed\u00e5rande ansikte, fantastiska l\u00e5nga ben och en otroligt smal kropp. Den h\u00e4r brunettdamen har relativt sm\u00e5, men verkligen perfekt formade br\u00f6st som passar hennes kroppsbyggnad perfekt. Hon har ocks\u00e5 en underbar rumpa som vackert framh\u00e4ver hennes n\u00e4stan perfekta figur. N\u00e4r du ser Babette i verkligheten f\u00f6r f\u00f6rsta g\u00e5ngen kanske du undrar om du dr\u00f6mmer. Men det beh\u00f6ver du inte oroa dig f\u00f6r. Babette finns p\u00e5 riktigt och hon \u00e4r minst lika oemotst\u00e5ndlig i verkligheten som hon \u00e4r p\u00e5 bilderna.          <\/p>\n","protected":false},"featured_media":946399,"comment_status":"open","ping_status":"closed","template":"","meta":[],"product_brand":[],"product_cat":[1336,1311],"product_tag":[],"class_list":{"0":"post-946324","1":"product","2":"type-product","3":"status-publish","4":"has-post-thumbnail","6":"product_cat-wm-doll","7":"product_cat-sexdockor","8":"pa_brand-wm-docka","10":"first","11":"onbackorder","12":"taxable","13":"shipping-taxable","14":"purchasable","15":"product-type-simple"},"_links":{"self":[{"href":"https:\/\/doll.shop\/sv\/wp-json\/wp\/v2\/product\/946324","targetHints":{"allow":["GET"]}}],"collection":[{"href":"https:\/\/doll.shop\/sv\/wp-json\/wp\/v2\/product"}],"about":[{"href":"https:\/\/doll.shop\/sv\/wp-json\/wp\/v2\/types\/product"}],"replies":[{"embeddable":true,"href":"https:\/\/doll.shop\/sv\/wp-json\/wp\/v2\/comments?post=946324"}],"wp:featuredmedia":[{"embeddable":true,"href":"https:\/\/doll.shop\/sv\/wp-json\/wp\/v2\/media\/946399"}],"wp:attachment":[{"href":"https:\/\/doll.shop\/sv\/wp-json\/wp\/v2\/media?parent=946324"}],"wp:term":[{"taxonomy":"product_brand","embeddable":true,"href":"https:\/\/doll.shop\/sv\/wp-json\/wp\/v2\/product_brand?post=946324"},{"taxonomy":"product_cat","embeddable":true,"href":"https:\/\/doll.shop\/sv\/wp-json\/wp\/v2\/product_cat?post=946324"},{"taxonomy":"product_tag","embeddable":true,"href":"https:\/\/doll.shop\/sv\/wp-json\/wp\/v2\/product_tag?post=946324"}],"curies":[{"name":"wp","href":"https:\/\/api.w.org\/{rel}","templated":true}]}}