{"id":946134,"date":"2022-09-08T10:20:42","date_gmt":"2022-09-08T08:20:42","guid":{"rendered":"https:\/\/doll.shop\/produkt\/ak-docka-annabel-175cm\/"},"modified":"2025-12-05T12:33:29","modified_gmt":"2025-12-05T11:33:29","slug":"ak-docka-annabel-175cm","status":"publish","type":"product","link":"https:\/\/doll.shop\/sv\/produkt\/ak-docka-annabel-175cm\/","title":{"rendered":"AK Docka Annabel | 175cm"},"content":{"rendered":"","protected":false},"excerpt":{"rendered":"<p>Visste du att AK Doll producerar premium sexdockor gjorda av silikon? Naturligtvis har vi ocks\u00e5 s\u00e5dana modeller f\u00f6r dig p\u00e5 Doll.shop. Denna mycket l\u00e5nga brunett \u00e4r verkligen helt gjord av silikon. Med en h\u00f6jd av 175 cm \u00e4r denna k\u00e4rleksdocka verkligen imponerande. Och tack vare det anv\u00e4nda materialet \u00e4r den h\u00e4r dockan \u00e4nnu mer realistisk \u00e4n en sexdocka gjord av TPE. Silikonmodeller har en verkligt fantastisk niv\u00e5 av realism. En dockas vikt har i allm\u00e4nhet ett starkt inflytande p\u00e5 hur l\u00e4tt den \u00e4r att hantera. Trots den h\u00e4r damens mycket stora storlek v\u00e4ger hon bara 38 kg. Detta har mycket att g\u00f6ra med dockans material (silikon), eftersom detta material \u00e4r n\u00e5got l\u00e4ttare \u00e4n TPE.        <\/p>\n<p>Denna k\u00e4rleksdocka har ett vackert ansikte och en riktig dr\u00f6mkropp. Hon har underbara, perfekt formade br\u00f6st. Hon har l\u00e5ngt, svart h\u00e5r som ger henne ett mycket sofistikerat utseende. Tack vare gelbr\u00f6sten som denna silikondocka fr\u00e5n AK Doll har, k\u00e4nns br\u00f6sten ultra-realistiska. Dessutom har denna docka en smal byggnad med en platt mage och mycket l\u00e5nga ben som snabbt kan g\u00f6ra dig galen.    <\/p>\n<p>Observera att vi levererar alla modeller med en avtagbar peruk som standard. Om du vill ha en implanterad peruk, v\u00e4nligen kontakta oss f\u00f6r mer information. <\/p>\n","protected":false},"featured_media":946323,"comment_status":"open","ping_status":"closed","template":"","meta":[],"product_brand":[],"product_cat":[1366,1311],"product_tag":[],"class_list":{"0":"post-946134","1":"product","2":"type-product","3":"status-publish","4":"has-post-thumbnail","6":"product_cat-aengelkyssdockor-ak-dolls","7":"product_cat-sexdockor","8":"pa_brand-ak-doll-sv","10":"first","11":"onbackorder","12":"taxable","13":"shipping-taxable","14":"purchasable","15":"product-type-simple"},"_links":{"self":[{"href":"https:\/\/doll.shop\/sv\/wp-json\/wp\/v2\/product\/946134","targetHints":{"allow":["GET"]}}],"collection":[{"href":"https:\/\/doll.shop\/sv\/wp-json\/wp\/v2\/product"}],"about":[{"href":"https:\/\/doll.shop\/sv\/wp-json\/wp\/v2\/types\/product"}],"replies":[{"embeddable":true,"href":"https:\/\/doll.shop\/sv\/wp-json\/wp\/v2\/comments?post=946134"}],"wp:featuredmedia":[{"embeddable":true,"href":"https:\/\/doll.shop\/sv\/wp-json\/wp\/v2\/media\/946323"}],"wp:attachment":[{"href":"https:\/\/doll.shop\/sv\/wp-json\/wp\/v2\/media?parent=946134"}],"wp:term":[{"taxonomy":"product_brand","embeddable":true,"href":"https:\/\/doll.shop\/sv\/wp-json\/wp\/v2\/product_brand?post=946134"},{"taxonomy":"product_cat","embeddable":true,"href":"https:\/\/doll.shop\/sv\/wp-json\/wp\/v2\/product_cat?post=946134"},{"taxonomy":"product_tag","embeddable":true,"href":"https:\/\/doll.shop\/sv\/wp-json\/wp\/v2\/product_tag?post=946134"}],"curies":[{"name":"wp","href":"https:\/\/api.w.org\/{rel}","templated":true}]}}