{"id":946133,"date":"2022-08-07T10:38:05","date_gmt":"2022-08-07T08:38:05","guid":{"rendered":"https:\/\/doll.shop\/produkt\/wm-docka-cornelia-164cm\/"},"modified":"2025-12-05T12:34:07","modified_gmt":"2025-12-05T11:34:07","slug":"wm-docka-cornelia-164cm","status":"publish","type":"product","link":"https:\/\/doll.shop\/sv\/produkt\/wm-docka-cornelia-164cm\/","title":{"rendered":"WM Docka Cornelia | 164cm"},"content":{"rendered":"","protected":false},"excerpt":{"rendered":"<p>Det finns m\u00e5nga m\u00e4n som gillar lite mindre kvinnor. Mindre sexdockor kan ocks\u00e5 ha en enorm f\u00f6rdel f\u00f6r en kund, eftersom dessa dockor v\u00e4ger mindre och d\u00e4rf\u00f6r \u00e4r l\u00e4ttare att hantera. Det \u00e4r d\u00e4rf\u00f6r WM Doll ocks\u00e5 erbjuder m\u00e5nga premium sexdockor i ett brett utbud av storlekar. Bland dem finns ocks\u00e5 n\u00e5gra k\u00e4rleksdockor med en storlek p\u00e5 164 cm. WM Doll Cornelia \u00e4r en av dessa vackra damer. Denna modell fr\u00e5n WM Doll kan vara det perfekta valet f\u00f6r dig om du gillar sm\u00e5 kvinnor. Underskatta dock inte den h\u00e4r lilla sexdockan. Hon har verkligen en otrolig m\u00e4ngd energi och kommer att anv\u00e4nda denna energi f\u00f6r att sk\u00e4mma bort dig n\u00e4r som helst.       <\/p>\n","protected":false},"featured_media":946223,"comment_status":"open","ping_status":"closed","template":"","meta":[],"product_brand":[],"product_cat":[1336,1311],"product_tag":[],"class_list":{"0":"post-946133","1":"product","2":"type-product","3":"status-publish","4":"has-post-thumbnail","6":"product_cat-wm-doll","7":"product_cat-sexdockor","8":"pa_brand-wm-docka","10":"first","11":"onbackorder","12":"taxable","13":"shipping-taxable","14":"purchasable","15":"product-type-simple"},"_links":{"self":[{"href":"https:\/\/doll.shop\/sv\/wp-json\/wp\/v2\/product\/946133","targetHints":{"allow":["GET"]}}],"collection":[{"href":"https:\/\/doll.shop\/sv\/wp-json\/wp\/v2\/product"}],"about":[{"href":"https:\/\/doll.shop\/sv\/wp-json\/wp\/v2\/types\/product"}],"replies":[{"embeddable":true,"href":"https:\/\/doll.shop\/sv\/wp-json\/wp\/v2\/comments?post=946133"}],"wp:featuredmedia":[{"embeddable":true,"href":"https:\/\/doll.shop\/sv\/wp-json\/wp\/v2\/media\/946223"}],"wp:attachment":[{"href":"https:\/\/doll.shop\/sv\/wp-json\/wp\/v2\/media?parent=946133"}],"wp:term":[{"taxonomy":"product_brand","embeddable":true,"href":"https:\/\/doll.shop\/sv\/wp-json\/wp\/v2\/product_brand?post=946133"},{"taxonomy":"product_cat","embeddable":true,"href":"https:\/\/doll.shop\/sv\/wp-json\/wp\/v2\/product_cat?post=946133"},{"taxonomy":"product_tag","embeddable":true,"href":"https:\/\/doll.shop\/sv\/wp-json\/wp\/v2\/product_tag?post=946133"}],"curies":[{"name":"wp","href":"https:\/\/api.w.org\/{rel}","templated":true}]}}