{"id":946132,"date":"2022-09-19T08:11:31","date_gmt":"2022-09-19T06:11:31","guid":{"rendered":"https:\/\/doll.shop\/produkt\/firedoll-laila-166-cm\/"},"modified":"2026-04-20T21:02:01","modified_gmt":"2026-04-20T19:02:01","slug":"firedoll-laila-166-cm","status":"publish","type":"product","link":"https:\/\/doll.shop\/sv\/produkt\/firedoll-laila-166-cm\/","title":{"rendered":"Firedoll Laila | 166 cm"},"content":{"rendered":"","protected":false},"excerpt":{"rendered":"<p>Firedoll Laila ser helt enkelt ut som en vacker \u00e4ngel. Det \u00e4r mycket sv\u00e5rt att sluta titta p\u00e5 den h\u00e4r damen n\u00e4r du har lagt \u00f6gonen p\u00e5 denna fantastiska sk\u00f6nhet f\u00f6r f\u00f6rsta g\u00e5ngen. Laila har kroppen av en toppmodell. Allt om henne \u00e4r bara perfekt. Hon har en mycket smal och atletisk figur och vackra feminina kurvor p\u00e5 alla r\u00e4tt st\u00e4llen. J\u00e4mf\u00f6rt med hennes smala kroppsbyggnad har denna sexdocka en ganska stor byst. Firedoll \u00e4r k\u00e4nt f\u00f6r att g\u00f6ra extremt realistiska k\u00e4rleksdockor. Laila sexdocka bevisar detta \u00e4n en g\u00e5ng. Laila har ett mycket genomtr\u00e4ngande utseende. N\u00e4r denna sk\u00f6nhet med kristallbl\u00e5 \u00f6gon tittar p\u00e5 dig med sin djupa blick blir de flesta m\u00e4ns hj\u00e4rtan svaga. Vad v\u00e4ntar du p\u00e5? Best\u00e4ll nu p\u00e5 Doll.shop, den billigaste \u00e5terf\u00f6rs\u00e4ljaren i Tyskland.           <\/p>\n","protected":false},"featured_media":949758,"comment_status":"open","ping_status":"closed","template":"","meta":[],"product_brand":[],"product_cat":[1373,1311],"product_tag":[],"class_list":{"0":"post-946132","1":"product","2":"type-product","3":"status-publish","4":"has-post-thumbnail","6":"product_cat-firedoll-sv","7":"product_cat-sexdockor","8":"pa_brand-firedoll-sv","10":"first","11":"instock","12":"sale","13":"taxable","14":"shipping-taxable","15":"purchasable","16":"product-type-simple"},"_links":{"self":[{"href":"https:\/\/doll.shop\/sv\/wp-json\/wp\/v2\/product\/946132","targetHints":{"allow":["GET"]}}],"collection":[{"href":"https:\/\/doll.shop\/sv\/wp-json\/wp\/v2\/product"}],"about":[{"href":"https:\/\/doll.shop\/sv\/wp-json\/wp\/v2\/types\/product"}],"replies":[{"embeddable":true,"href":"https:\/\/doll.shop\/sv\/wp-json\/wp\/v2\/comments?post=946132"}],"wp:featuredmedia":[{"embeddable":true,"href":"https:\/\/doll.shop\/sv\/wp-json\/wp\/v2\/media\/949758"}],"wp:attachment":[{"href":"https:\/\/doll.shop\/sv\/wp-json\/wp\/v2\/media?parent=946132"}],"wp:term":[{"taxonomy":"product_brand","embeddable":true,"href":"https:\/\/doll.shop\/sv\/wp-json\/wp\/v2\/product_brand?post=946132"},{"taxonomy":"product_cat","embeddable":true,"href":"https:\/\/doll.shop\/sv\/wp-json\/wp\/v2\/product_cat?post=946132"},{"taxonomy":"product_tag","embeddable":true,"href":"https:\/\/doll.shop\/sv\/wp-json\/wp\/v2\/product_tag?post=946132"}],"curies":[{"name":"wp","href":"https:\/\/api.w.org\/{rel}","templated":true}]}}