{"id":946131,"date":"2022-09-19T08:13:06","date_gmt":"2022-09-19T06:13:06","guid":{"rendered":"https:\/\/doll.shop\/produkt\/firedoll-lisa-marie-166-cm\/"},"modified":"2026-04-22T11:32:15","modified_gmt":"2026-04-22T09:32:15","slug":"firedoll-lisa-marie-166-cm","status":"publish","type":"product","link":"https:\/\/doll.shop\/sv\/produkt\/firedoll-lisa-marie-166-cm\/","title":{"rendered":"Firedoll Lisa-Marie | 166 cm"},"content":{"rendered":"","protected":false},"excerpt":{"rendered":"<p>En sak \u00e4r s\u00e4ker: det \u00e4r s\u00e4llan man ser en sk\u00f6nhet som denna! Firedoll Lisa-Marie \u00e4r verkligen unik. Om du s\u00e5g den h\u00e4r kvinnan p\u00e5 gatan skulle du f\u00f6rmodligen inte tro dina \u00f6gon. Oroa dig inte, du beh\u00f6ver inte nypa dig i armen f\u00f6r att kontrollera om du fortfarande sover. Detta \u00e4r den verkliga saken! Doll.shop, din betrodda \u00e5terf\u00f6rs\u00e4ljare, har \u00e5terigen en riktigt karismatisk sexdocka i lager \u00e5t dig. Om du letar efter en mycket aktiv dam med en sportig kropp och ett vackert ansikte, b\u00f6r du definitivt inte missa Firedoll Lisa-Marie. Lisa-Marie \u00e4r 166 cm l\u00e5ng och sticker ut med sina l\u00e5nga, smala ben. Hon har absolut inget fett n\u00e5gonstans. Kurvorna p\u00e5 denna sexdocka g\u00f6r henne till en riktig blickf\u00e5ng. Lisa-Marie har en vacker klyvning och en v\u00e4lformad rumpa. Tack vare denna k\u00e4rleksdockas sportiga figur kan du vara s\u00e4ker p\u00e5 att du aldrig kommer att bli uttr\u00e5kad av henne. Lisa-Marie kommer att sk\u00e4mma bort dig dag och natt och uppfylla alla dina \u00f6nskningar. Ge dig ut p\u00e5 \u00e4ventyr och l\u00e4r k\u00e4nna Lisa-Marie nu!<\/p>\n","protected":false},"featured_media":946209,"comment_status":"open","ping_status":"closed","template":"","meta":[],"product_brand":[],"product_cat":[1373,1311],"product_tag":[],"class_list":{"0":"post-946131","1":"product","2":"type-product","3":"status-publish","4":"has-post-thumbnail","6":"product_cat-firedoll-sv","7":"product_cat-sexdockor","8":"pa_brand-firedoll-sv","10":"first","11":"instock","12":"sale","13":"featured","14":"taxable","15":"shipping-taxable","16":"purchasable","17":"product-type-simple"},"_links":{"self":[{"href":"https:\/\/doll.shop\/sv\/wp-json\/wp\/v2\/product\/946131","targetHints":{"allow":["GET"]}}],"collection":[{"href":"https:\/\/doll.shop\/sv\/wp-json\/wp\/v2\/product"}],"about":[{"href":"https:\/\/doll.shop\/sv\/wp-json\/wp\/v2\/types\/product"}],"replies":[{"embeddable":true,"href":"https:\/\/doll.shop\/sv\/wp-json\/wp\/v2\/comments?post=946131"}],"wp:featuredmedia":[{"embeddable":true,"href":"https:\/\/doll.shop\/sv\/wp-json\/wp\/v2\/media\/946209"}],"wp:attachment":[{"href":"https:\/\/doll.shop\/sv\/wp-json\/wp\/v2\/media?parent=946131"}],"wp:term":[{"taxonomy":"product_brand","embeddable":true,"href":"https:\/\/doll.shop\/sv\/wp-json\/wp\/v2\/product_brand?post=946131"},{"taxonomy":"product_cat","embeddable":true,"href":"https:\/\/doll.shop\/sv\/wp-json\/wp\/v2\/product_cat?post=946131"},{"taxonomy":"product_tag","embeddable":true,"href":"https:\/\/doll.shop\/sv\/wp-json\/wp\/v2\/product_tag?post=946131"}],"curies":[{"name":"wp","href":"https:\/\/api.w.org\/{rel}","templated":true}]}}