{"id":946130,"date":"2022-08-12T08:31:38","date_gmt":"2022-08-12T06:31:38","guid":{"rendered":"https:\/\/doll.shop\/produkt\/ak-docka-serena-175cm\/"},"modified":"2026-03-11T01:33:37","modified_gmt":"2026-03-11T00:33:37","slug":"ak-docka-serena-175cm","status":"publish","type":"product","link":"https:\/\/doll.shop\/sv\/produkt\/ak-docka-serena-175cm\/","title":{"rendered":"AK Docka Serena | 175cm"},"content":{"rendered":"","protected":false},"excerpt":{"rendered":"<p>Denna k\u00e4rleksdocka fr\u00e5n AK Doll-m\u00e4rket har ett vackert ansikte och en helt enkelt perfekt kropp av en fitnessmodell. Hon har underbara, perfekt formade br\u00f6st. Tack vare gelbr\u00f6sten som denna silikondocka har, k\u00e4nns br\u00f6sten extremt realistiska. Dessutom har denna docka en smal kroppsbyggnad med en platt mage och mycket l\u00e5nga ben som snabbt kan g\u00f6ra dig galen. Om du vill ha ett \u00e4ventyr b\u00f6r du definitivt l\u00e4ra k\u00e4nna den h\u00e4r perfekta damen!    <\/p>\n<p>Observera att vi levererar alla modeller med en avtagbar peruk som standard. Om du vill ha en implanterad peruk, v\u00e4nligen kontakta oss f\u00f6r mer information. <\/p>\n","protected":false},"featured_media":946136,"comment_status":"open","ping_status":"closed","template":"","meta":[],"product_brand":[],"product_cat":[1366,1311],"product_tag":[],"class_list":{"0":"post-946130","1":"product","2":"type-product","3":"status-publish","4":"has-post-thumbnail","6":"product_cat-aengelkyssdockor-ak-dolls","7":"product_cat-sexdockor","8":"pa_brand-ak-doll-sv","10":"first","11":"onbackorder","12":"taxable","13":"shipping-taxable","14":"purchasable","15":"product-type-simple"},"_links":{"self":[{"href":"https:\/\/doll.shop\/sv\/wp-json\/wp\/v2\/product\/946130","targetHints":{"allow":["GET"]}}],"collection":[{"href":"https:\/\/doll.shop\/sv\/wp-json\/wp\/v2\/product"}],"about":[{"href":"https:\/\/doll.shop\/sv\/wp-json\/wp\/v2\/types\/product"}],"replies":[{"embeddable":true,"href":"https:\/\/doll.shop\/sv\/wp-json\/wp\/v2\/comments?post=946130"}],"wp:featuredmedia":[{"embeddable":true,"href":"https:\/\/doll.shop\/sv\/wp-json\/wp\/v2\/media\/946136"}],"wp:attachment":[{"href":"https:\/\/doll.shop\/sv\/wp-json\/wp\/v2\/media?parent=946130"}],"wp:term":[{"taxonomy":"product_brand","embeddable":true,"href":"https:\/\/doll.shop\/sv\/wp-json\/wp\/v2\/product_brand?post=946130"},{"taxonomy":"product_cat","embeddable":true,"href":"https:\/\/doll.shop\/sv\/wp-json\/wp\/v2\/product_cat?post=946130"},{"taxonomy":"product_tag","embeddable":true,"href":"https:\/\/doll.shop\/sv\/wp-json\/wp\/v2\/product_tag?post=946130"}],"curies":[{"name":"wp","href":"https:\/\/api.w.org\/{rel}","templated":true}]}}