{"id":946089,"date":"2022-10-27T09:39:50","date_gmt":"2022-10-27T07:39:50","guid":{"rendered":"https:\/\/doll.shop\/produkt\/firedoll-sarina-166-cm\/"},"modified":"2026-04-22T11:32:11","modified_gmt":"2026-04-22T09:32:11","slug":"firedoll-sarina-166-cm","status":"publish","type":"product","link":"https:\/\/doll.shop\/sv\/produkt\/firedoll-sarina-166-cm\/","title":{"rendered":"Firedoll Sarina | 166 cm"},"content":{"rendered":"","protected":false},"excerpt":{"rendered":"<p>Sarina \u00e4r en h\u00f6gkvalitativ k\u00e4rleksdocka fr\u00e5n varum\u00e4rket Firedoll med en h\u00f6jd p\u00e5 166 cm. Den h\u00e4r damen har verkligen allt! Underskatta inte denna sk\u00f6nhet, f\u00f6r hon kan ocks\u00e5 vara riktigt vild.  <\/p>\n<p>F\u00f6r n\u00e4rvarande \u00e4r det m\u00f6jligt att k\u00f6pa denna underbara sexdocka till ett helt r\u00e4ttvist pris p\u00e5 Doll.shop. Vi \u00e4r den billigaste leverant\u00f6ren av verklighetstrogna k\u00e4rleksdockor i hela Tyskland. Var noga med att k\u00f6pa din nya sexdocka fr\u00e5n Doll.shop, din p\u00e5litliga \u00e5terf\u00f6rs\u00e4ljare.  <\/p>\n","protected":false},"featured_media":946100,"comment_status":"open","ping_status":"closed","template":"","meta":[],"product_brand":[],"product_cat":[1373,1311],"product_tag":[],"class_list":{"0":"post-946089","1":"product","2":"type-product","3":"status-publish","4":"has-post-thumbnail","6":"product_cat-firedoll-sv","7":"product_cat-sexdockor","8":"pa_brand-firedoll-sv","10":"first","11":"instock","12":"sale","13":"taxable","14":"shipping-taxable","15":"purchasable","16":"product-type-simple"},"_links":{"self":[{"href":"https:\/\/doll.shop\/sv\/wp-json\/wp\/v2\/product\/946089","targetHints":{"allow":["GET"]}}],"collection":[{"href":"https:\/\/doll.shop\/sv\/wp-json\/wp\/v2\/product"}],"about":[{"href":"https:\/\/doll.shop\/sv\/wp-json\/wp\/v2\/types\/product"}],"replies":[{"embeddable":true,"href":"https:\/\/doll.shop\/sv\/wp-json\/wp\/v2\/comments?post=946089"}],"wp:featuredmedia":[{"embeddable":true,"href":"https:\/\/doll.shop\/sv\/wp-json\/wp\/v2\/media\/946100"}],"wp:attachment":[{"href":"https:\/\/doll.shop\/sv\/wp-json\/wp\/v2\/media?parent=946089"}],"wp:term":[{"taxonomy":"product_brand","embeddable":true,"href":"https:\/\/doll.shop\/sv\/wp-json\/wp\/v2\/product_brand?post=946089"},{"taxonomy":"product_cat","embeddable":true,"href":"https:\/\/doll.shop\/sv\/wp-json\/wp\/v2\/product_cat?post=946089"},{"taxonomy":"product_tag","embeddable":true,"href":"https:\/\/doll.shop\/sv\/wp-json\/wp\/v2\/product_tag?post=946089"}],"curies":[{"name":"wp","href":"https:\/\/api.w.org\/{rel}","templated":true}]}}