{"id":946088,"date":"2022-09-20T10:11:30","date_gmt":"2022-09-20T08:11:30","guid":{"rendered":"https:\/\/doll.shop\/produkt\/shemale-insats\/"},"modified":"2026-04-20T12:35:35","modified_gmt":"2026-04-20T10:35:35","slug":"shemale-insats","status":"publish","type":"product","link":"https:\/\/doll.shop\/sv\/produkt\/shemale-insats\/","title":{"rendered":"Shemale insats"},"content":{"rendered":"","protected":false},"excerpt":{"rendered":"<p>Om du vill ha kul i s\u00e4ngen med din partner kan en shemale-insats vara det perfekta alternativet f\u00f6r dig. P\u00e5 s\u00e5 s\u00e4tt kan du anv\u00e4nda din sexdocka tillsammans. Shemale-insatsen \u00e4r mycket l\u00e4tt att f\u00e4sta i slidan. Utseendet \u00e4r mycket realistiskt och liknar utseendet p\u00e5 en riktig penis. Endast 15cm-versionen finns f\u00f6r n\u00e4rvarande i lager. Denna insats \u00e4r dock universell och passar alla sexdockor av vilket m\u00e4rke som helst.     <\/p>\n","protected":false},"featured_media":946090,"comment_status":"open","ping_status":"closed","template":"","meta":[],"product_brand":[],"product_cat":[1359],"product_tag":[],"class_list":{"0":"post-946088","1":"product","2":"type-product","3":"status-publish","4":"has-post-thumbnail","6":"product_cat-tillbehoer-till-din-sexdocka","7":"product_shipping_class-liten","9":"first","10":"instock","11":"taxable","12":"shipping-taxable","13":"purchasable","14":"product-type-simple"},"_links":{"self":[{"href":"https:\/\/doll.shop\/sv\/wp-json\/wp\/v2\/product\/946088","targetHints":{"allow":["GET"]}}],"collection":[{"href":"https:\/\/doll.shop\/sv\/wp-json\/wp\/v2\/product"}],"about":[{"href":"https:\/\/doll.shop\/sv\/wp-json\/wp\/v2\/types\/product"}],"replies":[{"embeddable":true,"href":"https:\/\/doll.shop\/sv\/wp-json\/wp\/v2\/comments?post=946088"}],"wp:featuredmedia":[{"embeddable":true,"href":"https:\/\/doll.shop\/sv\/wp-json\/wp\/v2\/media\/946090"}],"wp:attachment":[{"href":"https:\/\/doll.shop\/sv\/wp-json\/wp\/v2\/media?parent=946088"}],"wp:term":[{"taxonomy":"product_brand","embeddable":true,"href":"https:\/\/doll.shop\/sv\/wp-json\/wp\/v2\/product_brand?post=946088"},{"taxonomy":"product_cat","embeddable":true,"href":"https:\/\/doll.shop\/sv\/wp-json\/wp\/v2\/product_cat?post=946088"},{"taxonomy":"product_tag","embeddable":true,"href":"https:\/\/doll.shop\/sv\/wp-json\/wp\/v2\/product_tag?post=946088"}],"curies":[{"name":"wp","href":"https:\/\/api.w.org\/{rel}","templated":true}]}}