{"id":946028,"date":"2023-02-09T10:59:19","date_gmt":"2023-02-09T09:59:19","guid":{"rendered":"https:\/\/doll.shop\/produkt\/ak-doll-alessia-175-cm\/"},"modified":"2026-03-10T22:20:20","modified_gmt":"2026-03-10T21:20:20","slug":"ak-doll-alessia-175-cm","status":"publish","type":"product","link":"https:\/\/doll.shop\/sv\/produkt\/ak-doll-alessia-175-cm\/","title":{"rendered":"AK Doll Alessia | 175 cm"},"content":{"rendered":"","protected":false},"excerpt":{"rendered":"<p>Denna vackra blondin fr\u00e5n AK Doll-m\u00e4rket sticker ut med sin otroligt atletiska figur. Alessia har ett f\u00f6rtrollande skratt som g\u00f6r varje man galen. Med en h\u00f6jd av 175 cm \u00e4r denna sexdocka ganska l\u00e5ng. Detta g\u00f6r AK Doll Alessia till den perfekta matchen f\u00f6r alla m\u00e4n som gillar l\u00e4ngre kvinnor. Alessia har underbara br\u00f6st och en v\u00e4ltonad bum. L\u00e5nga, smala ben och en extremt platt mage betonar ytterligare den h\u00e4r k\u00e4rleksdockans atletism. Alessia \u00e4r helt tillverkad av silikon och \u00e4r d\u00e4rf\u00f6r inte bara av extremt h\u00f6g kvalitet utan ocks\u00e5 otroligt realistisk.      <\/p>\n","protected":false},"featured_media":946044,"comment_status":"open","ping_status":"closed","template":"","meta":[],"product_brand":[],"product_cat":[1366,1311],"product_tag":[],"class_list":{"0":"post-946028","1":"product","2":"type-product","3":"status-publish","4":"has-post-thumbnail","6":"product_cat-aengelkyssdockor-ak-dolls","7":"product_cat-sexdockor","8":"pa_brand-ak-doll-sv","10":"first","11":"onbackorder","12":"taxable","13":"shipping-taxable","14":"purchasable","15":"product-type-simple"},"_links":{"self":[{"href":"https:\/\/doll.shop\/sv\/wp-json\/wp\/v2\/product\/946028","targetHints":{"allow":["GET"]}}],"collection":[{"href":"https:\/\/doll.shop\/sv\/wp-json\/wp\/v2\/product"}],"about":[{"href":"https:\/\/doll.shop\/sv\/wp-json\/wp\/v2\/types\/product"}],"replies":[{"embeddable":true,"href":"https:\/\/doll.shop\/sv\/wp-json\/wp\/v2\/comments?post=946028"}],"wp:featuredmedia":[{"embeddable":true,"href":"https:\/\/doll.shop\/sv\/wp-json\/wp\/v2\/media\/946044"}],"wp:attachment":[{"href":"https:\/\/doll.shop\/sv\/wp-json\/wp\/v2\/media?parent=946028"}],"wp:term":[{"taxonomy":"product_brand","embeddable":true,"href":"https:\/\/doll.shop\/sv\/wp-json\/wp\/v2\/product_brand?post=946028"},{"taxonomy":"product_cat","embeddable":true,"href":"https:\/\/doll.shop\/sv\/wp-json\/wp\/v2\/product_cat?post=946028"},{"taxonomy":"product_tag","embeddable":true,"href":"https:\/\/doll.shop\/sv\/wp-json\/wp\/v2\/product_tag?post=946028"}],"curies":[{"name":"wp","href":"https:\/\/api.w.org\/{rel}","templated":true}]}}