{"id":946027,"date":"2022-11-21T10:26:07","date_gmt":"2022-11-21T09:26:07","guid":{"rendered":"https:\/\/doll.shop\/produkt\/ak-docka-martha-165-cm\/"},"modified":"2026-01-16T17:57:23","modified_gmt":"2026-01-16T16:57:23","slug":"ak-docka-martha-165-cm","status":"publish","type":"product","link":"https:\/\/doll.shop\/sv\/produkt\/ak-docka-martha-165-cm\/","title":{"rendered":"AK Docka Martha 165 cm"},"content":{"rendered":"","protected":false},"excerpt":{"rendered":"<p>Denna brunett \u00e4r 165 cm l\u00e5ng och \u00e4r ett riktigt blickf\u00e5ng. Tack vare den mycket realistiska storleken ser den h\u00e4r sexdockan obeskrivligt verklig ut. Hon har en mycket smal kroppsbyggnad med attraktiva, l\u00e5nga ben. Hennes \u00f6verkropp \u00e4r ocks\u00e5 mycket smal f\u00f6rutom hennes br\u00f6st. Hon har en platt, mycket atletisk mage och underbara, perfekt runda br\u00f6st. Men den h\u00e4r dockan \u00e4r inte bara f\u00f6r br\u00f6st\u00e4lskare. Hon har ocks\u00e5 en fantastisk rumpa. Hon har ocks\u00e5 ett vackert ansikte som \u00e4r perfekt symmetriskt. N\u00e4r du ser denna sk\u00f6nhet f\u00f6r f\u00f6rsta g\u00e5ngen kommer du f\u00f6rmodligen inte att tro dina \u00f6gon. Det \u00e4r sv\u00e5rt att f\u00f6rest\u00e4lla sig att n\u00e5gon kan se s\u00e5 bra ut i verkliga livet. Du kan verkligen g\u00f6ra vad du vill med denna AK Doll sexdocka. Det spelar ingen roll om du \u00e4r mer p\u00e5 hum\u00f6r f\u00f6r att krama i s\u00e4ngen eller vill leva ut dina vildaste fantasier med denna k\u00e4rleksdocka. N\u00e4r vi s\u00e4ger att allt \u00e4r m\u00f6jligt menar vi det. Du kan prova olika positioner under sex, men du kan ocks\u00e5 v\u00e4lja rollspel med dockan fr\u00e5n AK Doll. Du best\u00e4mmer n\u00e4r som helst vad du vill g\u00f6ra med din dr\u00f6mkvinna.              <\/p>\n<p>Observera att alla AK Doll-modeller levereras med en avtagbar peruk som standard. Om du vill ha en implanterad peruk, v\u00e4nligen kontakta oss f\u00f6r mer information. <\/p>\n","protected":false},"featured_media":946032,"comment_status":"open","ping_status":"closed","template":"","meta":[],"product_brand":[],"product_cat":[1366,1311],"product_tag":[],"class_list":{"0":"post-946027","1":"product","2":"type-product","3":"status-publish","4":"has-post-thumbnail","6":"product_cat-aengelkyssdockor-ak-dolls","7":"product_cat-sexdockor","8":"pa_brand-ak-doll-sv","10":"first","11":"onbackorder","12":"taxable","13":"shipping-taxable","14":"purchasable","15":"product-type-simple"},"_links":{"self":[{"href":"https:\/\/doll.shop\/sv\/wp-json\/wp\/v2\/product\/946027","targetHints":{"allow":["GET"]}}],"collection":[{"href":"https:\/\/doll.shop\/sv\/wp-json\/wp\/v2\/product"}],"about":[{"href":"https:\/\/doll.shop\/sv\/wp-json\/wp\/v2\/types\/product"}],"replies":[{"embeddable":true,"href":"https:\/\/doll.shop\/sv\/wp-json\/wp\/v2\/comments?post=946027"}],"wp:featuredmedia":[{"embeddable":true,"href":"https:\/\/doll.shop\/sv\/wp-json\/wp\/v2\/media\/946032"}],"wp:attachment":[{"href":"https:\/\/doll.shop\/sv\/wp-json\/wp\/v2\/media?parent=946027"}],"wp:term":[{"taxonomy":"product_brand","embeddable":true,"href":"https:\/\/doll.shop\/sv\/wp-json\/wp\/v2\/product_brand?post=946027"},{"taxonomy":"product_cat","embeddable":true,"href":"https:\/\/doll.shop\/sv\/wp-json\/wp\/v2\/product_cat?post=946027"},{"taxonomy":"product_tag","embeddable":true,"href":"https:\/\/doll.shop\/sv\/wp-json\/wp\/v2\/product_tag?post=946027"}],"curies":[{"name":"wp","href":"https:\/\/api.w.org\/{rel}","templated":true}]}}