{"id":946026,"date":"2022-09-20T10:46:40","date_gmt":"2022-09-20T08:46:40","guid":{"rendered":"https:\/\/doll.shop\/produkt\/sexig-outfit-med-smycken\/"},"modified":"2025-12-05T12:31:39","modified_gmt":"2025-12-05T11:31:39","slug":"sexig-outfit-med-smycken","status":"publish","type":"product","link":"https:\/\/doll.shop\/sv\/produkt\/sexig-outfit-med-smycken\/","title":{"rendered":"Sexig outfit med smycken"},"content":{"rendered":"","protected":false},"excerpt":{"rendered":"<p>Doll.shop erbjuder dig m\u00f6jligheten att kl\u00e4 din sexdocka f\u00f6r olika tillf\u00e4llen. Denna &#8221;Sexy Outfit&#8221; \u00e4r ett vackert, f\u00f6rf\u00f6riskt kl\u00e4desplagg. Denna outfit har utformats speciellt f\u00f6r dockor, s\u00e5 den passar s\u00e4kert din sexdocka perfekt. Dessutom passar den h\u00e4r outfiten m\u00e5nga olika modeller som handen i handsken.   <\/p>\n<p>Denna outfit best\u00e5r av tre delar: en liten kjol, en topp och smycken.<\/p>\n","protected":false},"featured_media":6710,"comment_status":"open","ping_status":"closed","template":"","meta":[],"product_brand":[],"product_cat":[1359],"product_tag":[],"class_list":{"0":"post-946026","1":"product","2":"type-product","3":"status-publish","4":"has-post-thumbnail","6":"product_cat-tillbehoer-till-din-sexdocka","7":"product_shipping_class-liten","9":"first","10":"outofstock","11":"taxable","12":"shipping-taxable","13":"purchasable","14":"product-type-simple"},"_links":{"self":[{"href":"https:\/\/doll.shop\/sv\/wp-json\/wp\/v2\/product\/946026","targetHints":{"allow":["GET"]}}],"collection":[{"href":"https:\/\/doll.shop\/sv\/wp-json\/wp\/v2\/product"}],"about":[{"href":"https:\/\/doll.shop\/sv\/wp-json\/wp\/v2\/types\/product"}],"replies":[{"embeddable":true,"href":"https:\/\/doll.shop\/sv\/wp-json\/wp\/v2\/comments?post=946026"}],"wp:featuredmedia":[{"embeddable":true,"href":"https:\/\/doll.shop\/sv\/wp-json\/wp\/v2\/media\/6710"}],"wp:attachment":[{"href":"https:\/\/doll.shop\/sv\/wp-json\/wp\/v2\/media?parent=946026"}],"wp:term":[{"taxonomy":"product_brand","embeddable":true,"href":"https:\/\/doll.shop\/sv\/wp-json\/wp\/v2\/product_brand?post=946026"},{"taxonomy":"product_cat","embeddable":true,"href":"https:\/\/doll.shop\/sv\/wp-json\/wp\/v2\/product_cat?post=946026"},{"taxonomy":"product_tag","embeddable":true,"href":"https:\/\/doll.shop\/sv\/wp-json\/wp\/v2\/product_tag?post=946026"}],"curies":[{"name":"wp","href":"https:\/\/api.w.org\/{rel}","templated":true}]}}