{"id":945942,"date":"2023-07-31T12:15:27","date_gmt":"2023-07-31T10:15:27","guid":{"rendered":"https:\/\/doll.shop\/produkt\/hollaendsk-docka-emma-167-cm\/"},"modified":"2026-03-11T13:09:26","modified_gmt":"2026-03-11T12:09:26","slug":"hollaendsk-docka-emma-167-cm","status":"publish","type":"product","link":"https:\/\/doll.shop\/sv\/produkt\/hollaendsk-docka-emma-167-cm\/","title":{"rendered":"Holl\u00e4ndsk docka Emma | 167 cm"},"content":{"rendered":"","protected":false},"excerpt":{"rendered":"<p>Emma \u00e4r sinnebilden f\u00f6r sk\u00f6nhet och elegans. Med sin l\u00e4ngd p\u00e5 167 cm, sin smala kroppsbyggnad och sina bl\u00e5 \u00f6gon skiner hon som en toppmodell. Emmas EVO+-skelett, fingerskelett och st\u00e5funktion g\u00f6r henne otroligt flexibel och anv\u00e4ndarv\u00e4nlig. Hennes h\u00f6gkvalitativa TPE-hud k\u00e4nns sensationellt realistisk.   <\/p>\n<p>Njut av den detaljerade symmetrin i hennes ansikte med mandelformade \u00f6gon, en liten n\u00e4sa och fylliga l\u00e4ppar. Upplev den holl\u00e4ndska kvaliteten hos DutchDoll\u00ae &#8211; h\u00e5llbar, l\u00e4ttsk\u00f6tt och med en oemotst\u00e5ndlig prislapp. Sk\u00e4m bort dig sj\u00e4lv med den perfekta f\u00f6ljeslagaren: DutchDoll\u00ae Emma.  <\/p>\n","protected":false},"featured_media":945984,"comment_status":"open","ping_status":"closed","template":"","meta":[],"product_brand":[],"product_cat":[1312,1311],"product_tag":[],"class_list":{"0":"post-945942","1":"product","2":"type-product","3":"status-publish","4":"has-post-thumbnail","6":"product_cat-dutchdoll-sv","7":"product_cat-sexdockor","8":"pa_brand-dutchdoll-sv","10":"first","11":"outofstock","12":"sale","13":"taxable","14":"shipping-taxable","15":"purchasable","16":"product-type-simple"},"_links":{"self":[{"href":"https:\/\/doll.shop\/sv\/wp-json\/wp\/v2\/product\/945942","targetHints":{"allow":["GET"]}}],"collection":[{"href":"https:\/\/doll.shop\/sv\/wp-json\/wp\/v2\/product"}],"about":[{"href":"https:\/\/doll.shop\/sv\/wp-json\/wp\/v2\/types\/product"}],"replies":[{"embeddable":true,"href":"https:\/\/doll.shop\/sv\/wp-json\/wp\/v2\/comments?post=945942"}],"wp:featuredmedia":[{"embeddable":true,"href":"https:\/\/doll.shop\/sv\/wp-json\/wp\/v2\/media\/945984"}],"wp:attachment":[{"href":"https:\/\/doll.shop\/sv\/wp-json\/wp\/v2\/media?parent=945942"}],"wp:term":[{"taxonomy":"product_brand","embeddable":true,"href":"https:\/\/doll.shop\/sv\/wp-json\/wp\/v2\/product_brand?post=945942"},{"taxonomy":"product_cat","embeddable":true,"href":"https:\/\/doll.shop\/sv\/wp-json\/wp\/v2\/product_cat?post=945942"},{"taxonomy":"product_tag","embeddable":true,"href":"https:\/\/doll.shop\/sv\/wp-json\/wp\/v2\/product_tag?post=945942"}],"curies":[{"name":"wp","href":"https:\/\/api.w.org\/{rel}","templated":true}]}}