{"id":945894,"date":"2023-08-01T10:53:12","date_gmt":"2023-08-01T08:53:12","guid":{"rendered":"https:\/\/doll.shop\/produkt\/dutchdoll-mia-159-cm\/"},"modified":"2026-04-17T19:17:58","modified_gmt":"2026-04-17T17:17:58","slug":"dutchdoll-mia-159-cm","status":"publish","type":"product","link":"https:\/\/doll.shop\/sv\/produkt\/dutchdoll-mia-159-cm\/","title":{"rendered":"DutchDoll Mia | 159 cm"},"content":{"rendered":"","protected":false},"excerpt":{"rendered":"<p>DutchDoll\u00ae Mia \u00e4r en 159 cm l\u00e5ng skandinavisk sk\u00f6nhet med en yppig timglasfigur och f\u00f6rtrollande ljusblont h\u00e5r. Hennes stora br\u00f6st (kupstorlek E) och realistiska ansiktsdrag g\u00f6r henne oemotst\u00e5ndlig. Den h\u00f6gkvalitativa TPE (V3.0) som anv\u00e4nds f\u00f6r att tillverka denna sexdocka garanterar maximal komfort och realism, medan den l\u00e5ga vikten p\u00e5 29 kg g\u00f6r henne extremt man\u00f6vrerbar. Med EVO+ skelettet och fingerskelettet kan du enkelt flytta henne till valfri position och till och med l\u00e5ta henne h\u00e5lla l\u00e4tta f\u00f6rem\u00e5l. Oavsett om du \u00e4r ensam, vill krydda ditt sexliv eller leva ut dina fantasier, s\u00e5 finns Mia alltid d\u00e4r f\u00f6r dig. Best\u00e4ll nu och upplev dina vildaste fantasier med DutchDoll\u00ae!     <\/p>\n","protected":false},"featured_media":950217,"comment_status":"open","ping_status":"closed","template":"","meta":[],"product_brand":[],"product_cat":[1312,1311],"product_tag":[],"class_list":{"0":"post-945894","1":"product","2":"type-product","3":"status-publish","4":"has-post-thumbnail","6":"product_cat-dutchdoll-sv","7":"product_cat-sexdockor","8":"pa_brand-dutchdoll-sv","10":"first","11":"instock","12":"taxable","13":"shipping-taxable","14":"purchasable","15":"product-type-simple"},"_links":{"self":[{"href":"https:\/\/doll.shop\/sv\/wp-json\/wp\/v2\/product\/945894","targetHints":{"allow":["GET"]}}],"collection":[{"href":"https:\/\/doll.shop\/sv\/wp-json\/wp\/v2\/product"}],"about":[{"href":"https:\/\/doll.shop\/sv\/wp-json\/wp\/v2\/types\/product"}],"replies":[{"embeddable":true,"href":"https:\/\/doll.shop\/sv\/wp-json\/wp\/v2\/comments?post=945894"}],"wp:featuredmedia":[{"embeddable":true,"href":"https:\/\/doll.shop\/sv\/wp-json\/wp\/v2\/media\/950217"}],"wp:attachment":[{"href":"https:\/\/doll.shop\/sv\/wp-json\/wp\/v2\/media?parent=945894"}],"wp:term":[{"taxonomy":"product_brand","embeddable":true,"href":"https:\/\/doll.shop\/sv\/wp-json\/wp\/v2\/product_brand?post=945894"},{"taxonomy":"product_cat","embeddable":true,"href":"https:\/\/doll.shop\/sv\/wp-json\/wp\/v2\/product_cat?post=945894"},{"taxonomy":"product_tag","embeddable":true,"href":"https:\/\/doll.shop\/sv\/wp-json\/wp\/v2\/product_tag?post=945894"}],"curies":[{"name":"wp","href":"https:\/\/api.w.org\/{rel}","templated":true}]}}