{"id":945873,"date":"2024-08-29T14:09:22","date_gmt":"2024-08-29T12:09:22","guid":{"rendered":"https:\/\/doll.shop\/produkt\/dutchdoll-hannah-161-cm\/"},"modified":"2026-04-16T08:37:06","modified_gmt":"2026-04-16T06:37:06","slug":"dutchdoll-hannah-161-cm","status":"publish","type":"product","link":"https:\/\/doll.shop\/sv\/produkt\/dutchdoll-hannah-161-cm\/","title":{"rendered":"DutchDoll Hannah | 161 cm"},"content":{"rendered":"","protected":false},"excerpt":{"rendered":"<p>Hannah \u00e4r en verklighetstrogen 161 cm l\u00e5ng sexdocka med vackra blonda lockar och gnistrande bl\u00e5 \u00f6gon. Hennes n\u00e5got fylligare figur utstr\u00e5lar femininitet och hennes fr\u00e4scha, ungdomliga utseende skapar en oemotst\u00e5ndlig kombination av elegans och attraktivitet. Idealisk f\u00f6r alla som s\u00f6ker en mycket realistisk upplevelse d\u00e4r b\u00e5de utseende och detaljer \u00e4r noggrant anpassade efter dina behov.    <\/p>\n","protected":false},"featured_media":945893,"comment_status":"open","ping_status":"closed","template":"","meta":[],"product_brand":[],"product_cat":[1311,1312],"product_tag":[],"class_list":{"0":"post-945873","1":"product","2":"type-product","3":"status-publish","4":"has-post-thumbnail","6":"product_cat-sexdockor","7":"product_cat-dutchdoll-sv","8":"pa_brand-dutchdoll-sv","10":"first","11":"instock","12":"taxable","13":"shipping-taxable","14":"purchasable","15":"product-type-simple"},"_links":{"self":[{"href":"https:\/\/doll.shop\/sv\/wp-json\/wp\/v2\/product\/945873","targetHints":{"allow":["GET"]}}],"collection":[{"href":"https:\/\/doll.shop\/sv\/wp-json\/wp\/v2\/product"}],"about":[{"href":"https:\/\/doll.shop\/sv\/wp-json\/wp\/v2\/types\/product"}],"replies":[{"embeddable":true,"href":"https:\/\/doll.shop\/sv\/wp-json\/wp\/v2\/comments?post=945873"}],"wp:featuredmedia":[{"embeddable":true,"href":"https:\/\/doll.shop\/sv\/wp-json\/wp\/v2\/media\/945893"}],"wp:attachment":[{"href":"https:\/\/doll.shop\/sv\/wp-json\/wp\/v2\/media?parent=945873"}],"wp:term":[{"taxonomy":"product_brand","embeddable":true,"href":"https:\/\/doll.shop\/sv\/wp-json\/wp\/v2\/product_brand?post=945873"},{"taxonomy":"product_cat","embeddable":true,"href":"https:\/\/doll.shop\/sv\/wp-json\/wp\/v2\/product_cat?post=945873"},{"taxonomy":"product_tag","embeddable":true,"href":"https:\/\/doll.shop\/sv\/wp-json\/wp\/v2\/product_tag?post=945873"}],"curies":[{"name":"wp","href":"https:\/\/api.w.org\/{rel}","templated":true}]}}