{"id":945831,"date":"2023-08-01T09:45:38","date_gmt":"2023-08-01T07:45:38","guid":{"rendered":"https:\/\/doll.shop\/produkt\/hollaendsk-docka-anna-167-cm\/"},"modified":"2026-01-16T17:58:51","modified_gmt":"2026-01-16T16:58:51","slug":"hollaendsk-docka-anna-167-cm","status":"publish","type":"product","link":"https:\/\/doll.shop\/sv\/produkt\/hollaendsk-docka-anna-167-cm\/","title":{"rendered":"Holl\u00e4ndsk docka Anna | 167 cm"},"content":{"rendered":"","protected":false},"excerpt":{"rendered":"<p>DutchDoll\u00ae Anna \u00e4r den ultimata 167 cm l\u00e5nga blonda sexdockan med vackra kurvor och en perfekt timglasfigur. Hennes medell\u00e5nga, lockiga h\u00e5r, ljusbl\u00e5 \u00f6gon och silkeslena, fylliga l\u00e4ppar kommer att fascinera dig. Anna har lyxiga alternativ som ett EVO+ skelett, ett fingerskelett, en st\u00e5funktion och gelbr\u00f6st. Hennes f\u00f6rstklassiga skelett och h\u00f6gkvalitativa material garanterar en verklighetstrogen upplevelse. Hennes realistiska vagina, anus och mun med tunga ger extra njutning. Uppt\u00e4ck hur enkelt det \u00e4r att anv\u00e4nda EVO+-skelettet f\u00f6r enkel positionering. DutchDoll\u00ae Anna \u00e4r det ultimata valet f\u00f6r en of\u00f6rgl\u00f6mlig, realistisk och njutbar upplevelse.      <\/p>\n","protected":false},"featured_media":945862,"comment_status":"open","ping_status":"closed","template":"","meta":[],"product_brand":[],"product_cat":[1312,1311],"product_tag":[],"class_list":{"0":"post-945831","1":"product","2":"type-product","3":"status-publish","4":"has-post-thumbnail","6":"product_cat-dutchdoll-sv","7":"product_cat-sexdockor","8":"pa_brand-dutchdoll-sv","10":"first","11":"outofstock","12":"sale","13":"taxable","14":"shipping-taxable","15":"purchasable","16":"product-type-simple"},"_links":{"self":[{"href":"https:\/\/doll.shop\/sv\/wp-json\/wp\/v2\/product\/945831","targetHints":{"allow":["GET"]}}],"collection":[{"href":"https:\/\/doll.shop\/sv\/wp-json\/wp\/v2\/product"}],"about":[{"href":"https:\/\/doll.shop\/sv\/wp-json\/wp\/v2\/types\/product"}],"replies":[{"embeddable":true,"href":"https:\/\/doll.shop\/sv\/wp-json\/wp\/v2\/comments?post=945831"}],"wp:featuredmedia":[{"embeddable":true,"href":"https:\/\/doll.shop\/sv\/wp-json\/wp\/v2\/media\/945862"}],"wp:attachment":[{"href":"https:\/\/doll.shop\/sv\/wp-json\/wp\/v2\/media?parent=945831"}],"wp:term":[{"taxonomy":"product_brand","embeddable":true,"href":"https:\/\/doll.shop\/sv\/wp-json\/wp\/v2\/product_brand?post=945831"},{"taxonomy":"product_cat","embeddable":true,"href":"https:\/\/doll.shop\/sv\/wp-json\/wp\/v2\/product_cat?post=945831"},{"taxonomy":"product_tag","embeddable":true,"href":"https:\/\/doll.shop\/sv\/wp-json\/wp\/v2\/product_tag?post=945831"}],"curies":[{"name":"wp","href":"https:\/\/api.w.org\/{rel}","templated":true}]}}