{"id":945800,"date":"2024-02-26T15:53:13","date_gmt":"2024-02-26T14:53:13","guid":{"rendered":"https:\/\/doll.shop\/produkt\/wm-doll-lais-156-cm\/"},"modified":"2026-03-11T04:09:27","modified_gmt":"2026-03-11T03:09:27","slug":"wm-doll-lais-156-cm","status":"publish","type":"product","link":"https:\/\/doll.shop\/sv\/produkt\/wm-doll-lais-156-cm\/","title":{"rendered":"WM Doll Lais | 156 cm"},"content":{"rendered":"","protected":false},"excerpt":{"rendered":"<p>WM Doll Lais, den ultimata f\u00f6rf\u00f6relsen. Denna sexdocka \u00e4r tillverkad av ultra premium elastomer (TPE). Hon erbjuder realism och sn\u00e4va kropps\u00f6ppningar f\u00f6r intensiva k\u00e4nslor. Hennes starka inre skelett och foten med st\u00e5funktion s\u00e4kerst\u00e4ller enkla positions\u00e4ndringar och stabilitet. Gelbr\u00f6sten ger en o\u00f6vertr\u00e4ffad naturlig k\u00e4nsla. Med ett \u00e4kthetscertifikat kan du vara s\u00e4ker p\u00e5 h\u00e5llbarheten och kvaliteten. Eftersom sexdockan \u00e4r f\u00f6rpackad i en neutral kartong \u00e4r din anonymitet garanterad. Vad mer l\u00e4ngtar du efter?       <\/p>\n","protected":false},"featured_media":945841,"comment_status":"open","ping_status":"closed","template":"","meta":[],"product_brand":[],"product_cat":[1311,1336],"product_tag":[],"class_list":{"0":"post-945800","1":"product","2":"type-product","3":"status-publish","4":"has-post-thumbnail","6":"product_cat-sexdockor","7":"product_cat-wm-doll","8":"pa_brand-wm-docka","10":"first","11":"onbackorder","12":"taxable","13":"shipping-taxable","14":"purchasable","15":"product-type-simple"},"_links":{"self":[{"href":"https:\/\/doll.shop\/sv\/wp-json\/wp\/v2\/product\/945800","targetHints":{"allow":["GET"]}}],"collection":[{"href":"https:\/\/doll.shop\/sv\/wp-json\/wp\/v2\/product"}],"about":[{"href":"https:\/\/doll.shop\/sv\/wp-json\/wp\/v2\/types\/product"}],"replies":[{"embeddable":true,"href":"https:\/\/doll.shop\/sv\/wp-json\/wp\/v2\/comments?post=945800"}],"wp:featuredmedia":[{"embeddable":true,"href":"https:\/\/doll.shop\/sv\/wp-json\/wp\/v2\/media\/945841"}],"wp:attachment":[{"href":"https:\/\/doll.shop\/sv\/wp-json\/wp\/v2\/media?parent=945800"}],"wp:term":[{"taxonomy":"product_brand","embeddable":true,"href":"https:\/\/doll.shop\/sv\/wp-json\/wp\/v2\/product_brand?post=945800"},{"taxonomy":"product_cat","embeddable":true,"href":"https:\/\/doll.shop\/sv\/wp-json\/wp\/v2\/product_cat?post=945800"},{"taxonomy":"product_tag","embeddable":true,"href":"https:\/\/doll.shop\/sv\/wp-json\/wp\/v2\/product_tag?post=945800"}],"curies":[{"name":"wp","href":"https:\/\/api.w.org\/{rel}","templated":true}]}}