{"id":945779,"date":"2023-02-09T11:29:31","date_gmt":"2023-02-09T10:29:31","guid":{"rendered":"https:\/\/doll.shop\/produkt\/wm-docka-thea-159-cm\/"},"modified":"2023-02-09T11:29:31","modified_gmt":"2023-02-09T10:29:31","slug":"wm-docka-thea-159-cm","status":"publish","type":"product","link":"https:\/\/doll.shop\/sv\/produkt\/wm-docka-thea-159-cm\/","title":{"rendered":"WM Docka Thea | 159 cm"},"content":{"rendered":"","protected":false},"excerpt":{"rendered":"<p>WM Doll Thea ser ut som en blondin fr\u00e5n en modekatalog som v\u00e4ckts till liv. Med en h\u00f6jd p\u00e5 159 cm \u00e4r denna k\u00e4rleksdocka relativt liten och d\u00e4rf\u00f6r det perfekta valet f\u00f6r alla m\u00e4n som tycker att mindre kvinnor \u00e4r attraktiva. Thea ser lite ut som Cinderella och har inte bara ett vackert ansikte utan ocks\u00e5 en enormt attraktiv, atletisk figur. Om du letar efter en dam med gr\u00e4nsl\u00f6s energi kan WM Doll Thea vara den perfekta kvinnan f\u00f6r dig. Thea har en perfekt bubbelrumpa och underbara, runda br\u00f6st som f\u00e5r alla m\u00e4n att svettas.    <\/p>\n","protected":false},"featured_media":945815,"comment_status":"open","ping_status":"closed","template":"","meta":[],"product_brand":[],"product_cat":[1336,1311],"product_tag":[],"class_list":{"0":"post-945779","1":"product","2":"type-product","3":"status-publish","4":"has-post-thumbnail","6":"product_cat-wm-doll","7":"product_cat-sexdockor","8":"pa_brand-wm-docka","10":"first","11":"onbackorder","12":"taxable","13":"shipping-taxable","14":"purchasable","15":"product-type-simple"},"_links":{"self":[{"href":"https:\/\/doll.shop\/sv\/wp-json\/wp\/v2\/product\/945779","targetHints":{"allow":["GET"]}}],"collection":[{"href":"https:\/\/doll.shop\/sv\/wp-json\/wp\/v2\/product"}],"about":[{"href":"https:\/\/doll.shop\/sv\/wp-json\/wp\/v2\/types\/product"}],"replies":[{"embeddable":true,"href":"https:\/\/doll.shop\/sv\/wp-json\/wp\/v2\/comments?post=945779"}],"wp:featuredmedia":[{"embeddable":true,"href":"https:\/\/doll.shop\/sv\/wp-json\/wp\/v2\/media\/945815"}],"wp:attachment":[{"href":"https:\/\/doll.shop\/sv\/wp-json\/wp\/v2\/media?parent=945779"}],"wp:term":[{"taxonomy":"product_brand","embeddable":true,"href":"https:\/\/doll.shop\/sv\/wp-json\/wp\/v2\/product_brand?post=945779"},{"taxonomy":"product_cat","embeddable":true,"href":"https:\/\/doll.shop\/sv\/wp-json\/wp\/v2\/product_cat?post=945779"},{"taxonomy":"product_tag","embeddable":true,"href":"https:\/\/doll.shop\/sv\/wp-json\/wp\/v2\/product_tag?post=945779"}],"curies":[{"name":"wp","href":"https:\/\/api.w.org\/{rel}","templated":true}]}}