{"id":945778,"date":"2024-02-08T11:20:29","date_gmt":"2024-02-08T10:20:29","guid":{"rendered":"https:\/\/doll.shop\/produkt\/dutchdoll-luna-77-cm\/"},"modified":"2026-04-18T03:02:21","modified_gmt":"2026-04-18T01:02:21","slug":"dutchdoll-luna-77-cm","status":"publish","type":"product","link":"https:\/\/doll.shop\/sv\/produkt\/dutchdoll-luna-77-cm\/","title":{"rendered":"DutchDoll Luna | 77 cm"},"content":{"rendered":"","protected":false},"excerpt":{"rendered":"<p style=\"font-weight: 400;\">DutchDoll Luna \u00e4r en 77 cm h\u00f6g, kompakt sexdocka torso med l\u00e5ngt, m\u00f6rkt, lockigt h\u00e5r, ett vackert ansikte och ljusbl\u00e5 \u00f6gon. En sexdocka torso har inga armar och ben och \u00e4r d\u00e4rf\u00f6r l\u00e4ttare \u00e4n en full sexdocka och l\u00e4ttare att hantera. Liksom alla DutchDoll-modeller \u00e4r Luna av h\u00f6gsta kvalitet och l\u00e5ter dig uppleva k\u00e4nslan och njutningen av en verklighetstrogen kvinna.  <\/p>\n","protected":false},"featured_media":945808,"comment_status":"open","ping_status":"closed","template":"","meta":[],"product_brand":[],"product_cat":[1325],"product_tag":[],"class_list":{"0":"post-945778","1":"product","2":"type-product","3":"status-publish","4":"has-post-thumbnail","6":"product_cat-masturbatorer","7":"pa_brand-dutchdoll-sv","9":"first","10":"instock","11":"taxable","12":"shipping-taxable","13":"purchasable","14":"product-type-simple"},"_links":{"self":[{"href":"https:\/\/doll.shop\/sv\/wp-json\/wp\/v2\/product\/945778","targetHints":{"allow":["GET"]}}],"collection":[{"href":"https:\/\/doll.shop\/sv\/wp-json\/wp\/v2\/product"}],"about":[{"href":"https:\/\/doll.shop\/sv\/wp-json\/wp\/v2\/types\/product"}],"replies":[{"embeddable":true,"href":"https:\/\/doll.shop\/sv\/wp-json\/wp\/v2\/comments?post=945778"}],"wp:featuredmedia":[{"embeddable":true,"href":"https:\/\/doll.shop\/sv\/wp-json\/wp\/v2\/media\/945808"}],"wp:attachment":[{"href":"https:\/\/doll.shop\/sv\/wp-json\/wp\/v2\/media?parent=945778"}],"wp:term":[{"taxonomy":"product_brand","embeddable":true,"href":"https:\/\/doll.shop\/sv\/wp-json\/wp\/v2\/product_brand?post=945778"},{"taxonomy":"product_cat","embeddable":true,"href":"https:\/\/doll.shop\/sv\/wp-json\/wp\/v2\/product_cat?post=945778"},{"taxonomy":"product_tag","embeddable":true,"href":"https:\/\/doll.shop\/sv\/wp-json\/wp\/v2\/product_tag?post=945778"}],"curies":[{"name":"wp","href":"https:\/\/api.w.org\/{rel}","templated":true}]}}