{"id":945777,"date":"2023-08-01T10:22:35","date_gmt":"2023-08-01T08:22:35","guid":{"rendered":"https:\/\/doll.shop\/produkt\/hollaendsk-docka-freya-157-cm\/"},"modified":"2026-04-14T13:05:34","modified_gmt":"2026-04-14T11:05:34","slug":"hollaendsk-docka-freya-157-cm","status":"publish","type":"product","link":"https:\/\/doll.shop\/sv\/produkt\/hollaendsk-docka-freya-157-cm\/","title":{"rendered":"DutchDoll Freya | 157 cm"},"content":{"rendered":"","protected":false},"excerpt":{"rendered":"<p>DutchDoll Freya \u00e4r en f\u00f6rf\u00f6risk blondin p\u00e5 157 cm med stora br\u00f6st. Den h\u00f6gkvalitativa TPE (V.3.0), EVO+ skelettet och gelbr\u00f6sten garanterar en verklighetstrogen upplevelse.<\/p>\n<p>Med en vikt p\u00e5 endast 29 kg kan Freya enkelt flyttas och st\u00e4llas in i olika positioner.<\/p>\n<p>Hennes m\u00f6rkblonda h\u00e5r, bl\u00e5 \u00f6gon, timglasfigur och E-kupstorlek g\u00f6r att hon ser v\u00e4ldigt sexig ut. V\u00e4lj den perfekta kombinationen av sofistikering och feminina kurvor med modell 157E. Ett realistiskt och sensuellt val.<\/p>\n","protected":false},"featured_media":945786,"comment_status":"open","ping_status":"closed","template":"","meta":[],"product_brand":[],"product_cat":[1312,1311],"product_tag":[],"class_list":{"0":"post-945777","1":"product","2":"type-product","3":"status-publish","4":"has-post-thumbnail","6":"product_cat-dutchdoll-sv","7":"product_cat-sexdockor","8":"pa_brand-dutchdoll-sv","10":"first","11":"instock","12":"taxable","13":"shipping-taxable","14":"purchasable","15":"product-type-simple"},"_links":{"self":[{"href":"https:\/\/doll.shop\/sv\/wp-json\/wp\/v2\/product\/945777","targetHints":{"allow":["GET"]}}],"collection":[{"href":"https:\/\/doll.shop\/sv\/wp-json\/wp\/v2\/product"}],"about":[{"href":"https:\/\/doll.shop\/sv\/wp-json\/wp\/v2\/types\/product"}],"replies":[{"embeddable":true,"href":"https:\/\/doll.shop\/sv\/wp-json\/wp\/v2\/comments?post=945777"}],"wp:featuredmedia":[{"embeddable":true,"href":"https:\/\/doll.shop\/sv\/wp-json\/wp\/v2\/media\/945786"}],"wp:attachment":[{"href":"https:\/\/doll.shop\/sv\/wp-json\/wp\/v2\/media?parent=945777"}],"wp:term":[{"taxonomy":"product_brand","embeddable":true,"href":"https:\/\/doll.shop\/sv\/wp-json\/wp\/v2\/product_brand?post=945777"},{"taxonomy":"product_cat","embeddable":true,"href":"https:\/\/doll.shop\/sv\/wp-json\/wp\/v2\/product_cat?post=945777"},{"taxonomy":"product_tag","embeddable":true,"href":"https:\/\/doll.shop\/sv\/wp-json\/wp\/v2\/product_tag?post=945777"}],"curies":[{"name":"wp","href":"https:\/\/api.w.org\/{rel}","templated":true}]}}