{"id":945723,"date":"2022-04-22T08:13:49","date_gmt":"2022-04-22T06:13:49","guid":{"rendered":"https:\/\/doll.shop\/produkt\/wm-docka-jill-172-cm\/"},"modified":"2025-12-05T12:37:01","modified_gmt":"2025-12-05T11:37:01","slug":"wm-docka-jill-172-cm","status":"publish","type":"product","link":"https:\/\/doll.shop\/sv\/produkt\/wm-docka-jill-172-cm\/","title":{"rendered":"WM Docka Jill | 172 cm"},"content":{"rendered":"","protected":false},"excerpt":{"rendered":"<p>WM Doll Jill \u00e4r en f\u00f6rtrollande asiatisk kvinna som kommer att f\u00f6rgylla ditt liv. Med en l\u00e4ngd p\u00e5 172 cm \u00e4r Jill idealisk f\u00f6r alla som gillar l\u00e4ngre kvinnor. Jill har en perfekt, smal kroppsbyggnad och relativt sm\u00e5 br\u00f6st. Tveka inte f\u00f6r l\u00e4nge och l\u00e4r k\u00e4nna denna dr\u00f6mkvinna, du kommer inte att \u00e5ngra det! Observera att den h\u00e4r modellen har en n\u00e5got solbr\u00e4nd hudf\u00e4rg. Dessutom visas Jill p\u00e5 bilderna med en implanterad peruk. Hon kommer dock att levereras med en avtagbar peruk.      <\/p>\n","protected":false},"featured_media":945754,"comment_status":"open","ping_status":"closed","template":"","meta":[],"product_brand":[],"product_cat":[1336,1311],"product_tag":[],"class_list":{"0":"post-945723","1":"product","2":"type-product","3":"status-publish","4":"has-post-thumbnail","6":"product_cat-wm-doll","7":"product_cat-sexdockor","8":"pa_brand-wm-docka","10":"first","11":"onbackorder","12":"taxable","13":"shipping-taxable","14":"purchasable","15":"product-type-simple"},"_links":{"self":[{"href":"https:\/\/doll.shop\/sv\/wp-json\/wp\/v2\/product\/945723","targetHints":{"allow":["GET"]}}],"collection":[{"href":"https:\/\/doll.shop\/sv\/wp-json\/wp\/v2\/product"}],"about":[{"href":"https:\/\/doll.shop\/sv\/wp-json\/wp\/v2\/types\/product"}],"replies":[{"embeddable":true,"href":"https:\/\/doll.shop\/sv\/wp-json\/wp\/v2\/comments?post=945723"}],"wp:featuredmedia":[{"embeddable":true,"href":"https:\/\/doll.shop\/sv\/wp-json\/wp\/v2\/media\/945754"}],"wp:attachment":[{"href":"https:\/\/doll.shop\/sv\/wp-json\/wp\/v2\/media?parent=945723"}],"wp:term":[{"taxonomy":"product_brand","embeddable":true,"href":"https:\/\/doll.shop\/sv\/wp-json\/wp\/v2\/product_brand?post=945723"},{"taxonomy":"product_cat","embeddable":true,"href":"https:\/\/doll.shop\/sv\/wp-json\/wp\/v2\/product_cat?post=945723"},{"taxonomy":"product_tag","embeddable":true,"href":"https:\/\/doll.shop\/sv\/wp-json\/wp\/v2\/product_tag?post=945723"}],"curies":[{"name":"wp","href":"https:\/\/api.w.org\/{rel}","templated":true}]}}