{"id":945702,"date":"2022-06-09T10:41:58","date_gmt":"2022-06-09T08:41:58","guid":{"rendered":"https:\/\/doll.shop\/produkt\/kaerleksdocka-alexis-157-cm\/"},"modified":"2025-12-05T12:35:49","modified_gmt":"2025-12-05T11:35:49","slug":"kaerleksdocka-alexis-157-cm","status":"publish","type":"product","link":"https:\/\/doll.shop\/sv\/produkt\/kaerleksdocka-alexis-157-cm\/","title":{"rendered":"Sexdocka Alexis | 157 cm"},"content":{"rendered":"","protected":false},"excerpt":{"rendered":"<p>WM Doll Alexis \u00e4r en riktig sportbomb med o\u00e4ndlig energi. Hon kan g\u00f6ra ditt liv s\u00e5 mycket mer sp\u00e4nnande och tack vare sin kondition kan hon verkligen h\u00e5lla dig ig\u00e5ng i timmar. Alexis \u00e4r relativt liten och d\u00e4rf\u00f6r l\u00e4tt att hantera. Men underskatta inte den h\u00e4r k\u00e4rleksdockan. Hon packar verkligen en stans! Gillar du brunettkvinnor med lockigt h\u00e5r och en dr\u00f6mkropp? Missa d\u00e5 inte din chans och ta en n\u00e4rmare titt p\u00e5 Alexis.<\/p>\n","protected":false},"featured_media":945725,"comment_status":"open","ping_status":"closed","template":"","meta":[],"product_brand":[],"product_cat":[1311,1336],"product_tag":[],"class_list":{"0":"post-945702","1":"product","2":"type-product","3":"status-publish","4":"has-post-thumbnail","6":"product_cat-sexdockor","7":"product_cat-wm-doll","8":"pa_brand-wm-docka","10":"first","11":"onbackorder","12":"taxable","13":"shipping-taxable","14":"purchasable","15":"product-type-simple"},"_links":{"self":[{"href":"https:\/\/doll.shop\/sv\/wp-json\/wp\/v2\/product\/945702","targetHints":{"allow":["GET"]}}],"collection":[{"href":"https:\/\/doll.shop\/sv\/wp-json\/wp\/v2\/product"}],"about":[{"href":"https:\/\/doll.shop\/sv\/wp-json\/wp\/v2\/types\/product"}],"replies":[{"embeddable":true,"href":"https:\/\/doll.shop\/sv\/wp-json\/wp\/v2\/comments?post=945702"}],"wp:featuredmedia":[{"embeddable":true,"href":"https:\/\/doll.shop\/sv\/wp-json\/wp\/v2\/media\/945725"}],"wp:attachment":[{"href":"https:\/\/doll.shop\/sv\/wp-json\/wp\/v2\/media?parent=945702"}],"wp:term":[{"taxonomy":"product_brand","embeddable":true,"href":"https:\/\/doll.shop\/sv\/wp-json\/wp\/v2\/product_brand?post=945702"},{"taxonomy":"product_cat","embeddable":true,"href":"https:\/\/doll.shop\/sv\/wp-json\/wp\/v2\/product_cat?post=945702"},{"taxonomy":"product_tag","embeddable":true,"href":"https:\/\/doll.shop\/sv\/wp-json\/wp\/v2\/product_tag?post=945702"}],"curies":[{"name":"wp","href":"https:\/\/api.w.org\/{rel}","templated":true}]}}