{"id":945671,"date":"2022-06-09T10:40:51","date_gmt":"2022-06-09T08:40:51","guid":{"rendered":"https:\/\/doll.shop\/produkt\/kaerleksdocka-nadia-157-cm\/"},"modified":"2026-03-11T01:57:46","modified_gmt":"2026-03-11T00:57:46","slug":"kaerleksdocka-nadia-157-cm","status":"publish","type":"product","link":"https:\/\/doll.shop\/sv\/produkt\/kaerleksdocka-nadia-157-cm\/","title":{"rendered":"Sexdocka Nadia | 157 cm"},"content":{"rendered":"","protected":false},"excerpt":{"rendered":"<p>WM Doll Nadia \u00e4r oemotst\u00e5ndlig. Hon \u00e4r s\u00e5 fr\u00e4ck och vild och ser s\u00e5 vacker ut p\u00e5 samma g\u00e5ng. N\u00e4r du v\u00e4l har lagt \u00f6gonen p\u00e5 hennes dr\u00f6mkropp vill du inte ha n\u00e5got annat. Det \u00e4r bra att WM Doll Nadia kommer att stanna hos dig s\u00e5 l\u00e4nge. Om du gillar smala kvinnor med en fr\u00e4ck, lockig frisyr, b\u00f6r du definitivt inte missa Nadia. Men hon har inte bara en perfekt kropp. Nadia har ocks\u00e5 ett riktigt vackert ansikte som sticker ut fr\u00e5n m\u00e4ngden.<\/p>\n","protected":false},"featured_media":945722,"comment_status":"open","ping_status":"closed","template":"","meta":[],"product_brand":[],"product_cat":[1311,1336],"product_tag":[],"class_list":{"0":"post-945671","1":"product","2":"type-product","3":"status-publish","4":"has-post-thumbnail","6":"product_cat-sexdockor","7":"product_cat-wm-doll","8":"pa_brand-wm-docka","10":"first","11":"onbackorder","12":"taxable","13":"shipping-taxable","14":"purchasable","15":"product-type-simple"},"_links":{"self":[{"href":"https:\/\/doll.shop\/sv\/wp-json\/wp\/v2\/product\/945671","targetHints":{"allow":["GET"]}}],"collection":[{"href":"https:\/\/doll.shop\/sv\/wp-json\/wp\/v2\/product"}],"about":[{"href":"https:\/\/doll.shop\/sv\/wp-json\/wp\/v2\/types\/product"}],"replies":[{"embeddable":true,"href":"https:\/\/doll.shop\/sv\/wp-json\/wp\/v2\/comments?post=945671"}],"wp:featuredmedia":[{"embeddable":true,"href":"https:\/\/doll.shop\/sv\/wp-json\/wp\/v2\/media\/945722"}],"wp:attachment":[{"href":"https:\/\/doll.shop\/sv\/wp-json\/wp\/v2\/media?parent=945671"}],"wp:term":[{"taxonomy":"product_brand","embeddable":true,"href":"https:\/\/doll.shop\/sv\/wp-json\/wp\/v2\/product_brand?post=945671"},{"taxonomy":"product_cat","embeddable":true,"href":"https:\/\/doll.shop\/sv\/wp-json\/wp\/v2\/product_cat?post=945671"},{"taxonomy":"product_tag","embeddable":true,"href":"https:\/\/doll.shop\/sv\/wp-json\/wp\/v2\/product_tag?post=945671"}],"curies":[{"name":"wp","href":"https:\/\/api.w.org\/{rel}","templated":true}]}}