{"id":945648,"date":"2022-06-09T10:38:51","date_gmt":"2022-06-09T08:38:51","guid":{"rendered":"https:\/\/doll.shop\/produkt\/kaerleksdocka-jessica-157-cm\/"},"modified":"2025-12-05T12:36:24","modified_gmt":"2025-12-05T11:36:24","slug":"kaerleksdocka-jessica-157-cm","status":"publish","type":"product","link":"https:\/\/doll.shop\/sv\/produkt\/kaerleksdocka-jessica-157-cm\/","title":{"rendered":"K\u00e4rleksdocka Jessica | 157 cm"},"content":{"rendered":"","protected":false},"excerpt":{"rendered":"<p>WM Doll Jessica \u00e4r ett riktigt blickf\u00e5ng. Denna blondin \u00e4r en riktig \u00e4ngel. Den enda fr\u00e5gan \u00e4r hur Jessica \u00e4r i verkliga livet. V\u00e4nta inte l\u00e4ngre och ta reda p\u00e5 det snabbt! Om du tycker att blonda kvinnor \u00e4r attraktiva b\u00f6r du definitivt titta n\u00e4rmare p\u00e5 denna premium k\u00e4rleksdocka. \u00c4r du redo f\u00f6r ett nytt \u00e4ventyr i ditt liv? Ta sedan en titt p\u00e5 Doll.shop nu!      <\/p>\n","protected":false},"featured_media":945673,"comment_status":"open","ping_status":"closed","template":"","meta":[],"product_brand":[],"product_cat":[1311,1336],"product_tag":[],"class_list":{"0":"post-945648","1":"product","2":"type-product","3":"status-publish","4":"has-post-thumbnail","6":"product_cat-sexdockor","7":"product_cat-wm-doll","8":"pa_brand-wm-docka","10":"first","11":"onbackorder","12":"taxable","13":"shipping-taxable","14":"purchasable","15":"product-type-simple"},"_links":{"self":[{"href":"https:\/\/doll.shop\/sv\/wp-json\/wp\/v2\/product\/945648","targetHints":{"allow":["GET"]}}],"collection":[{"href":"https:\/\/doll.shop\/sv\/wp-json\/wp\/v2\/product"}],"about":[{"href":"https:\/\/doll.shop\/sv\/wp-json\/wp\/v2\/types\/product"}],"replies":[{"embeddable":true,"href":"https:\/\/doll.shop\/sv\/wp-json\/wp\/v2\/comments?post=945648"}],"wp:featuredmedia":[{"embeddable":true,"href":"https:\/\/doll.shop\/sv\/wp-json\/wp\/v2\/media\/945673"}],"wp:attachment":[{"href":"https:\/\/doll.shop\/sv\/wp-json\/wp\/v2\/media?parent=945648"}],"wp:term":[{"taxonomy":"product_brand","embeddable":true,"href":"https:\/\/doll.shop\/sv\/wp-json\/wp\/v2\/product_brand?post=945648"},{"taxonomy":"product_cat","embeddable":true,"href":"https:\/\/doll.shop\/sv\/wp-json\/wp\/v2\/product_cat?post=945648"},{"taxonomy":"product_tag","embeddable":true,"href":"https:\/\/doll.shop\/sv\/wp-json\/wp\/v2\/product_tag?post=945648"}],"curies":[{"name":"wp","href":"https:\/\/api.w.org\/{rel}","templated":true}]}}