{"id":945558,"date":"2024-08-29T14:13:38","date_gmt":"2024-08-29T12:13:38","guid":{"rendered":"https:\/\/doll.shop\/produkt\/dutchdoll-chloe-161-cm\/"},"modified":"2026-04-16T08:36:55","modified_gmt":"2026-04-16T06:36:55","slug":"dutchdoll-chloe-161-cm","status":"publish","type":"product","link":"https:\/\/doll.shop\/sv\/produkt\/dutchdoll-chloe-161-cm\/","title":{"rendered":"DutchDoll Chloe | 161 cm"},"content":{"rendered":"","protected":false},"excerpt":{"rendered":"<p>Chloe \u00e4r en verklighetstrogen sexdocka p\u00e5 161 cm med vackert m\u00f6rkblont h\u00e5r som matchar hennes f\u00f6rf\u00f6riska bl\u00e5 \u00f6gon perfekt. Hennes sensuella utseende och noggrant utformade detaljer g\u00f6r henne till ett oemotst\u00e5ndligt val f\u00f6r alla som letar efter en intensiv och realistisk upplevelse. Uppt\u00e4ck Chloes oemotst\u00e5ndliga dragningskraft och l\u00e5t dig helt ryckas med av hennes hisnande sk\u00f6nhet och charm.    <\/p>\n","protected":false},"featured_media":945624,"comment_status":"open","ping_status":"closed","template":"","meta":[],"product_brand":[],"product_cat":[1311,1312],"product_tag":[],"class_list":{"0":"post-945558","1":"product","2":"type-product","3":"status-publish","4":"has-post-thumbnail","6":"product_cat-sexdockor","7":"product_cat-dutchdoll-sv","8":"pa_brand-dutchdoll-sv","10":"first","11":"instock","12":"taxable","13":"shipping-taxable","14":"purchasable","15":"product-type-simple"},"_links":{"self":[{"href":"https:\/\/doll.shop\/sv\/wp-json\/wp\/v2\/product\/945558","targetHints":{"allow":["GET"]}}],"collection":[{"href":"https:\/\/doll.shop\/sv\/wp-json\/wp\/v2\/product"}],"about":[{"href":"https:\/\/doll.shop\/sv\/wp-json\/wp\/v2\/types\/product"}],"replies":[{"embeddable":true,"href":"https:\/\/doll.shop\/sv\/wp-json\/wp\/v2\/comments?post=945558"}],"wp:featuredmedia":[{"embeddable":true,"href":"https:\/\/doll.shop\/sv\/wp-json\/wp\/v2\/media\/945624"}],"wp:attachment":[{"href":"https:\/\/doll.shop\/sv\/wp-json\/wp\/v2\/media?parent=945558"}],"wp:term":[{"taxonomy":"product_brand","embeddable":true,"href":"https:\/\/doll.shop\/sv\/wp-json\/wp\/v2\/product_brand?post=945558"},{"taxonomy":"product_cat","embeddable":true,"href":"https:\/\/doll.shop\/sv\/wp-json\/wp\/v2\/product_cat?post=945558"},{"taxonomy":"product_tag","embeddable":true,"href":"https:\/\/doll.shop\/sv\/wp-json\/wp\/v2\/product_tag?post=945558"}],"curies":[{"name":"wp","href":"https:\/\/api.w.org\/{rel}","templated":true}]}}