{"id":945556,"date":"2024-08-29T14:49:49","date_gmt":"2024-08-29T12:49:49","guid":{"rendered":"https:\/\/doll.shop\/produkt\/dutchdoll-jade-158-cm\/"},"modified":"2026-04-20T14:37:21","modified_gmt":"2026-04-20T12:37:21","slug":"dutchdoll-jade-158-cm","status":"publish","type":"product","link":"https:\/\/doll.shop\/sv\/produkt\/dutchdoll-jade-158-cm\/","title":{"rendered":"DutchDoll Jade | 158 cm"},"content":{"rendered":"","protected":false},"excerpt":{"rendered":"<p>DutchDoll Jade \u00e4r en 158 cm l\u00e5ng realistisk sexdocka med ljusblont h\u00e5r och gr\u00f6na \u00f6gon. Hon har silkeslen hud, perfekt formade br\u00f6st och lyxiga tillval som ett handskelett, mjuk hud, ett evoskelett och en r\u00f6rlig k\u00e4ke f\u00f6r en verklighetstrogen upplevelse. Den v\u00e4ger mindre \u00e4n 30 kg och \u00e4r d\u00e4rf\u00f6r l\u00e4tt att transportera. Jade kombinerar sofistikerad estetik med anv\u00e4ndarv\u00e4nlighet f\u00f6r en of\u00f6rgl\u00f6mlig upplevelse   <\/p>\n","protected":false},"featured_media":945600,"comment_status":"open","ping_status":"closed","template":"","meta":[],"product_brand":[],"product_cat":[1311,1312],"product_tag":[],"class_list":{"0":"post-945556","1":"product","2":"type-product","3":"status-publish","4":"has-post-thumbnail","6":"product_cat-sexdockor","7":"product_cat-dutchdoll-sv","8":"pa_brand-dutchdoll-sv","10":"first","11":"instock","12":"taxable","13":"shipping-taxable","14":"purchasable","15":"product-type-simple"},"_links":{"self":[{"href":"https:\/\/doll.shop\/sv\/wp-json\/wp\/v2\/product\/945556","targetHints":{"allow":["GET"]}}],"collection":[{"href":"https:\/\/doll.shop\/sv\/wp-json\/wp\/v2\/product"}],"about":[{"href":"https:\/\/doll.shop\/sv\/wp-json\/wp\/v2\/types\/product"}],"replies":[{"embeddable":true,"href":"https:\/\/doll.shop\/sv\/wp-json\/wp\/v2\/comments?post=945556"}],"wp:featuredmedia":[{"embeddable":true,"href":"https:\/\/doll.shop\/sv\/wp-json\/wp\/v2\/media\/945600"}],"wp:attachment":[{"href":"https:\/\/doll.shop\/sv\/wp-json\/wp\/v2\/media?parent=945556"}],"wp:term":[{"taxonomy":"product_brand","embeddable":true,"href":"https:\/\/doll.shop\/sv\/wp-json\/wp\/v2\/product_brand?post=945556"},{"taxonomy":"product_cat","embeddable":true,"href":"https:\/\/doll.shop\/sv\/wp-json\/wp\/v2\/product_cat?post=945556"},{"taxonomy":"product_tag","embeddable":true,"href":"https:\/\/doll.shop\/sv\/wp-json\/wp\/v2\/product_tag?post=945556"}],"curies":[{"name":"wp","href":"https:\/\/api.w.org\/{rel}","templated":true}]}}