{"id":945510,"date":"2024-08-29T14:16:20","date_gmt":"2024-08-29T12:16:20","guid":{"rendered":"https:\/\/doll.shop\/produkt\/dutchdoll-rosie-161-cm\/"},"modified":"2026-04-14T03:34:55","modified_gmt":"2026-04-14T01:34:55","slug":"dutchdoll-rosie-161-cm","status":"publish","type":"product","link":"https:\/\/doll.shop\/sv\/produkt\/dutchdoll-rosie-161-cm\/","title":{"rendered":"DutchDoll Rosie | 161 cm"},"content":{"rendered":"","protected":false},"excerpt":{"rendered":"<p>Rosie \u00e4r en fantastisk 161 cm sexdocka som omedelbart kommer att fascinera dig med sina ljusbl\u00e5 \u00f6gon och sitt vackra rosa h\u00e5r. Denna exceptionella docka fr\u00e5n det v\u00e4lk\u00e4nda varum\u00e4rket DutchDoll har utformats med stor uppm\u00e4rksamhet p\u00e5 detaljer, och Rosies eleganta kurvor och exceptionella realism ger en o\u00f6vertr\u00e4ffad upplevelse. Varje detalj har noggrant utformats f\u00f6r att erbjuda en perfekt balans mellan sk\u00f6nhet och sensualitet. DutchDoll \u00e4r k\u00e4nt f\u00f6r sina h\u00f6gkvalitativa och autentiska produkter, och Rosie \u00e4r ett lysande exempel p\u00e5 detta. L\u00e5t dig f\u00f6rf\u00f6ras av hennes oemotst\u00e5ndliga lockelse och se sj\u00e4lv den toppkvalitet som DutchDoll \u00e4r k\u00e4nd f\u00f6r.      <\/p>\n","protected":false},"featured_media":945565,"comment_status":"open","ping_status":"closed","template":"","meta":[],"product_brand":[],"product_cat":[1311,1312],"product_tag":[],"class_list":{"0":"post-945510","1":"product","2":"type-product","3":"status-publish","4":"has-post-thumbnail","6":"product_cat-sexdockor","7":"product_cat-dutchdoll-sv","8":"pa_brand-dutchdoll-sv","10":"first","11":"instock","12":"taxable","13":"shipping-taxable","14":"purchasable","15":"product-type-simple"},"_links":{"self":[{"href":"https:\/\/doll.shop\/sv\/wp-json\/wp\/v2\/product\/945510","targetHints":{"allow":["GET"]}}],"collection":[{"href":"https:\/\/doll.shop\/sv\/wp-json\/wp\/v2\/product"}],"about":[{"href":"https:\/\/doll.shop\/sv\/wp-json\/wp\/v2\/types\/product"}],"replies":[{"embeddable":true,"href":"https:\/\/doll.shop\/sv\/wp-json\/wp\/v2\/comments?post=945510"}],"wp:featuredmedia":[{"embeddable":true,"href":"https:\/\/doll.shop\/sv\/wp-json\/wp\/v2\/media\/945565"}],"wp:attachment":[{"href":"https:\/\/doll.shop\/sv\/wp-json\/wp\/v2\/media?parent=945510"}],"wp:term":[{"taxonomy":"product_brand","embeddable":true,"href":"https:\/\/doll.shop\/sv\/wp-json\/wp\/v2\/product_brand?post=945510"},{"taxonomy":"product_cat","embeddable":true,"href":"https:\/\/doll.shop\/sv\/wp-json\/wp\/v2\/product_cat?post=945510"},{"taxonomy":"product_tag","embeddable":true,"href":"https:\/\/doll.shop\/sv\/wp-json\/wp\/v2\/product_tag?post=945510"}],"curies":[{"name":"wp","href":"https:\/\/api.w.org\/{rel}","templated":true}]}}