{"id":945492,"date":"2024-08-29T14:53:42","date_gmt":"2024-08-29T12:53:42","guid":{"rendered":"https:\/\/doll.shop\/produkt\/dutchdoll-lilly-158-cm\/"},"modified":"2026-04-22T01:49:37","modified_gmt":"2026-04-21T23:49:37","slug":"dutchdoll-lilly-158-cm","status":"publish","type":"product","link":"https:\/\/doll.shop\/sv\/produkt\/dutchdoll-lilly-158-cm\/","title":{"rendered":"DutchDoll Lilly | 158 cm"},"content":{"rendered":"","protected":false},"excerpt":{"rendered":"<p>Lilly \u00e4r en vacker och realistisk 158 cm l\u00e5ng blondin med en medelstor kupstorlek f\u00f6r en oemotst\u00e5ndlig upplevelse. Hon \u00e4r utrustad med lyxiga alternativ som ett handskelett som g\u00f6r att du kan placera hennes h\u00e4nder i valfri position och Soft Skin-teknik f\u00f6r en verklighetstrogen k\u00e4nsla. Evo-skelettet s\u00e4kerst\u00e4ller flexibla och naturliga r\u00f6relser, medan den r\u00f6rliga k\u00e4ken ger extra oral njutning. Lilly v\u00e4ger mindre \u00e4n 30 kg och \u00e4r d\u00e4rf\u00f6r mycket beh\u00e4ndig och l\u00e4tt att transportera. Det som g\u00f6r Lilly speciell \u00e4r DutchDolls anv\u00e4ndning av h\u00f6gkvalitativa material och tekniker. Varum\u00e4rket \u00e4r k\u00e4nt f\u00f6r sitt engagemang f\u00f6r hantverk och innovation. Resultatet \u00e4r produkter som inte bara \u00e4r realistiska och funktionella, utan ocks\u00e5 av h\u00f6gsta kvalitet. Lilly \u00e4r ett utm\u00e4rkt val f\u00f6r alla som letar efter en docka av h\u00f6g kvalitet.         <\/p>\n","protected":false},"featured_media":945544,"comment_status":"open","ping_status":"closed","template":"","meta":[],"product_brand":[],"product_cat":[1311,1312],"product_tag":[],"class_list":{"0":"post-945492","1":"product","2":"type-product","3":"status-publish","4":"has-post-thumbnail","6":"product_cat-sexdockor","7":"product_cat-dutchdoll-sv","8":"pa_brand-dutchdoll-sv","10":"first","11":"instock","12":"taxable","13":"shipping-taxable","14":"purchasable","15":"product-type-simple"},"_links":{"self":[{"href":"https:\/\/doll.shop\/sv\/wp-json\/wp\/v2\/product\/945492","targetHints":{"allow":["GET"]}}],"collection":[{"href":"https:\/\/doll.shop\/sv\/wp-json\/wp\/v2\/product"}],"about":[{"href":"https:\/\/doll.shop\/sv\/wp-json\/wp\/v2\/types\/product"}],"replies":[{"embeddable":true,"href":"https:\/\/doll.shop\/sv\/wp-json\/wp\/v2\/comments?post=945492"}],"wp:featuredmedia":[{"embeddable":true,"href":"https:\/\/doll.shop\/sv\/wp-json\/wp\/v2\/media\/945544"}],"wp:attachment":[{"href":"https:\/\/doll.shop\/sv\/wp-json\/wp\/v2\/media?parent=945492"}],"wp:term":[{"taxonomy":"product_brand","embeddable":true,"href":"https:\/\/doll.shop\/sv\/wp-json\/wp\/v2\/product_brand?post=945492"},{"taxonomy":"product_cat","embeddable":true,"href":"https:\/\/doll.shop\/sv\/wp-json\/wp\/v2\/product_cat?post=945492"},{"taxonomy":"product_tag","embeddable":true,"href":"https:\/\/doll.shop\/sv\/wp-json\/wp\/v2\/product_tag?post=945492"}],"curies":[{"name":"wp","href":"https:\/\/api.w.org\/{rel}","templated":true}]}}