{"id":945418,"date":"2024-09-17T09:12:55","date_gmt":"2024-09-17T07:12:55","guid":{"rendered":"https:\/\/doll.shop\/produkt\/dutchdoll-isabella-158-cm\/"},"modified":"2026-04-15T12:07:29","modified_gmt":"2026-04-15T10:07:29","slug":"dutchdoll-isabella-158-cm","status":"publish","type":"product","link":"https:\/\/doll.shop\/sv\/produkt\/dutchdoll-isabella-158-cm\/","title":{"rendered":"DutchDoll Isabella | 158 cm"},"content":{"rendered":"","protected":false},"excerpt":{"rendered":"<p>M\u00f6t Isabella, en 158 cm l\u00e5ng och smal sk\u00f6nhet med ett s\u00f6tt och attraktivt utseende.<br \/>\nHennes fascinerande bl\u00e5 \u00f6gon och l\u00e5nga bruna h\u00e5r ger henne en oemotst\u00e5ndlig charm.<br \/>\nIsabella \u00e4r en premium DutchDoll, utrustad med lyxiga alternativ f\u00f6r den ultimata realistiska upplevelsen.<br \/>\nEVO+-skelettet s\u00e4kerst\u00e4ller naturliga r\u00f6relser, medan den verklighetstrogna huden k\u00e4nns mjuk och fin.<br \/>\nTack vare sitt handskelett och sitt detaljerade, uttrycksfulla ansikte, som \u00e4r utrustat med en r\u00f6rlig k\u00e4ke, erbjuder Isabella en o\u00f6vertr\u00e4ffad grad av realism, \u00e4ven under orala aktiviteter.<br \/>\nL\u00e4gg till denna eleganta och h\u00f6gkvalitativa docka i din samling och uppt\u00e4ck perfektionen hos DutchDoll.  <\/p>\n","protected":false},"featured_media":945496,"comment_status":"open","ping_status":"closed","template":"","meta":[],"product_brand":[],"product_cat":[1311,1312],"product_tag":[],"class_list":{"0":"post-945418","1":"product","2":"type-product","3":"status-publish","4":"has-post-thumbnail","6":"product_cat-sexdockor","7":"product_cat-dutchdoll-sv","8":"pa_brand-dutchdoll-sv","10":"first","11":"instock","12":"taxable","13":"shipping-taxable","14":"purchasable","15":"product-type-simple"},"_links":{"self":[{"href":"https:\/\/doll.shop\/sv\/wp-json\/wp\/v2\/product\/945418","targetHints":{"allow":["GET"]}}],"collection":[{"href":"https:\/\/doll.shop\/sv\/wp-json\/wp\/v2\/product"}],"about":[{"href":"https:\/\/doll.shop\/sv\/wp-json\/wp\/v2\/types\/product"}],"replies":[{"embeddable":true,"href":"https:\/\/doll.shop\/sv\/wp-json\/wp\/v2\/comments?post=945418"}],"wp:featuredmedia":[{"embeddable":true,"href":"https:\/\/doll.shop\/sv\/wp-json\/wp\/v2\/media\/945496"}],"wp:attachment":[{"href":"https:\/\/doll.shop\/sv\/wp-json\/wp\/v2\/media?parent=945418"}],"wp:term":[{"taxonomy":"product_brand","embeddable":true,"href":"https:\/\/doll.shop\/sv\/wp-json\/wp\/v2\/product_brand?post=945418"},{"taxonomy":"product_cat","embeddable":true,"href":"https:\/\/doll.shop\/sv\/wp-json\/wp\/v2\/product_cat?post=945418"},{"taxonomy":"product_tag","embeddable":true,"href":"https:\/\/doll.shop\/sv\/wp-json\/wp\/v2\/product_tag?post=945418"}],"curies":[{"name":"wp","href":"https:\/\/api.w.org\/{rel}","templated":true}]}}