{"id":945417,"date":"2023-08-01T10:58:09","date_gmt":"2023-08-01T08:58:09","guid":{"rendered":"https:\/\/doll.shop\/produkt\/dutchdoll-alexis-159-cm\/"},"modified":"2026-04-17T19:32:09","modified_gmt":"2026-04-17T17:32:09","slug":"dutchdoll-alexis-159-cm","status":"publish","type":"product","link":"https:\/\/doll.shop\/sv\/produkt\/dutchdoll-alexis-159-cm\/","title":{"rendered":"DutchDoll Alexis | 159 cm"},"content":{"rendered":"","protected":false},"excerpt":{"rendered":"<p>F\u00e5r jag presentera..: Alexis. Denna fantastiska brunett med gnistrande bl\u00e5 \u00f6gon och f\u00f6rf\u00f6riska kurvor \u00e4r din perfekta partner. Alexis \u00e4r tillverkad av h\u00f6gkvalitativ TPE (V3.0) och har gelbr\u00f6st f\u00f6r \u00f6kad realism och k\u00e4nns verklighetstrogen. Med EVO+ skelett, fingerskelett och bas erbjuder hon en optimal upplevelse. Trots sin stora kupstorlek v\u00e4ger denna sexdocka bara 29 kg och \u00e4r extremt man\u00f6vrerbar.    <\/p>\n<p>Tack vare den realistiska designen, anv\u00e4ndningen av den senaste tekniken och deras perfekta finish kommer du att f\u00e5 of\u00f6rgl\u00f6mliga upplevelser med Alexis.<\/p>\n<p>DutchDoll\u00ae erbjuder kvalitet, innovation och attraktiva priser. Njut av dina fantasier med DutchDoll\u00ae Alexis! <\/p>\n","protected":false},"featured_media":949776,"comment_status":"open","ping_status":"closed","template":"","meta":[],"product_brand":[],"product_cat":[1312,1311],"product_tag":[],"class_list":{"0":"post-945417","1":"product","2":"type-product","3":"status-publish","4":"has-post-thumbnail","6":"product_cat-dutchdoll-sv","7":"product_cat-sexdockor","8":"pa_brand-dutchdoll-sv","10":"first","11":"instock","12":"taxable","13":"shipping-taxable","14":"purchasable","15":"product-type-simple"},"_links":{"self":[{"href":"https:\/\/doll.shop\/sv\/wp-json\/wp\/v2\/product\/945417","targetHints":{"allow":["GET"]}}],"collection":[{"href":"https:\/\/doll.shop\/sv\/wp-json\/wp\/v2\/product"}],"about":[{"href":"https:\/\/doll.shop\/sv\/wp-json\/wp\/v2\/types\/product"}],"replies":[{"embeddable":true,"href":"https:\/\/doll.shop\/sv\/wp-json\/wp\/v2\/comments?post=945417"}],"wp:featuredmedia":[{"embeddable":true,"href":"https:\/\/doll.shop\/sv\/wp-json\/wp\/v2\/media\/949776"}],"wp:attachment":[{"href":"https:\/\/doll.shop\/sv\/wp-json\/wp\/v2\/media?parent=945417"}],"wp:term":[{"taxonomy":"product_brand","embeddable":true,"href":"https:\/\/doll.shop\/sv\/wp-json\/wp\/v2\/product_brand?post=945417"},{"taxonomy":"product_cat","embeddable":true,"href":"https:\/\/doll.shop\/sv\/wp-json\/wp\/v2\/product_cat?post=945417"},{"taxonomy":"product_tag","embeddable":true,"href":"https:\/\/doll.shop\/sv\/wp-json\/wp\/v2\/product_tag?post=945417"}],"curies":[{"name":"wp","href":"https:\/\/api.w.org\/{rel}","templated":true}]}}