{"id":945416,"date":"2024-02-26T15:11:18","date_gmt":"2024-02-26T14:11:18","guid":{"rendered":"https:\/\/doll.shop\/produkt\/wm-docka-marie-claire-156-cm\/"},"modified":"2026-03-11T04:19:00","modified_gmt":"2026-03-11T03:19:00","slug":"wm-docka-marie-claire-156-cm","status":"publish","type":"product","link":"https:\/\/doll.shop\/sv\/produkt\/wm-docka-marie-claire-156-cm\/","title":{"rendered":"WM Docka Marie-Claire | 156 cm"},"content":{"rendered":"","protected":false},"excerpt":{"rendered":"<p>Det h\u00e4r \u00e4r Marie-Claire fr\u00e5n WM Doll, en f\u00f6rf\u00f6risk 156 cm l\u00e5ng brunett med vackra kurvor. Hennes fylliga h\u00f6fter, fasta l\u00e5r, runda skinkor och stora br\u00f6st inbjuder till f\u00f6rf\u00f6riska ber\u00f6ringar. Marie-Claire \u00e4r tillverkad av h\u00e4rligt mjuk termoplastisk elastomer (TPE) och k\u00e4nns verklighetstrogen. Med ett robust premiumskelett kan hon r\u00f6ra sig fr\u00e5n topp till t\u00e5 och kan sitta, ligga och st\u00e5. Vad \u00e4r det du v\u00e4ntar p\u00e5? Upplev den ultimata lyxen med Marie-Claire!     <\/p>\n","protected":false},"featured_media":945453,"comment_status":"open","ping_status":"closed","template":"","meta":[],"product_brand":[],"product_cat":[1311,1336],"product_tag":[],"class_list":{"0":"post-945416","1":"product","2":"type-product","3":"status-publish","4":"has-post-thumbnail","6":"product_cat-sexdockor","7":"product_cat-wm-doll","8":"pa_brand-wm-docka","10":"first","11":"onbackorder","12":"taxable","13":"shipping-taxable","14":"purchasable","15":"product-type-simple"},"_links":{"self":[{"href":"https:\/\/doll.shop\/sv\/wp-json\/wp\/v2\/product\/945416","targetHints":{"allow":["GET"]}}],"collection":[{"href":"https:\/\/doll.shop\/sv\/wp-json\/wp\/v2\/product"}],"about":[{"href":"https:\/\/doll.shop\/sv\/wp-json\/wp\/v2\/types\/product"}],"replies":[{"embeddable":true,"href":"https:\/\/doll.shop\/sv\/wp-json\/wp\/v2\/comments?post=945416"}],"wp:featuredmedia":[{"embeddable":true,"href":"https:\/\/doll.shop\/sv\/wp-json\/wp\/v2\/media\/945453"}],"wp:attachment":[{"href":"https:\/\/doll.shop\/sv\/wp-json\/wp\/v2\/media?parent=945416"}],"wp:term":[{"taxonomy":"product_brand","embeddable":true,"href":"https:\/\/doll.shop\/sv\/wp-json\/wp\/v2\/product_brand?post=945416"},{"taxonomy":"product_cat","embeddable":true,"href":"https:\/\/doll.shop\/sv\/wp-json\/wp\/v2\/product_cat?post=945416"},{"taxonomy":"product_tag","embeddable":true,"href":"https:\/\/doll.shop\/sv\/wp-json\/wp\/v2\/product_tag?post=945416"}],"curies":[{"name":"wp","href":"https:\/\/api.w.org\/{rel}","templated":true}]}}