{"id":945377,"date":"2024-08-29T14:53:05","date_gmt":"2024-08-29T12:53:05","guid":{"rendered":"https:\/\/doll.shop\/produkt\/hollaendsk-docka-sara-158-cm\/"},"modified":"2026-04-22T02:06:55","modified_gmt":"2026-04-22T00:06:55","slug":"hollaendsk-docka-sara-158-cm","status":"publish","type":"product","link":"https:\/\/doll.shop\/sv\/produkt\/hollaendsk-docka-sara-158-cm\/","title":{"rendered":"DutchDoll Sara | 158 cm"},"content":{"rendered":"","protected":false},"excerpt":{"rendered":"<p>Sara \u00e4r en 158 cm l\u00e5ng realistisk sexdocka med blont h\u00e5r, gr\u00f6na \u00f6gon och vackra br\u00f6st.<br \/>\nMed ett avancerat handskelett, mjuk hud, ett evoskelett och en r\u00f6rlig k\u00e4ke k\u00e4nns hon verklighetstrogen och kan imitera naturliga r\u00f6relser.<br \/>\nSara v\u00e4ger mindre \u00e4n 30 kg, \u00e4r l\u00e4tt att transportera och du kommer att njuta av hennes s\u00e4llskap vart du \u00e4n g\u00e5r.<br \/>\nDutchDoll \u00e4r k\u00e4nt f\u00f6r h\u00f6g kvalitet och uppm\u00e4rksamhet p\u00e5 detaljer, och Sara \u00e4r ett utm\u00e4rkt exempel p\u00e5 detta.<br \/>\nHon f\u00f6rkroppsligar DutchDolls engagemang f\u00f6r hantverk och kundn\u00f6jdhet f\u00f6r en unik upplevelse.<\/p>\n","protected":false},"featured_media":945435,"comment_status":"open","ping_status":"closed","template":"","meta":[],"product_brand":[],"product_cat":[1311,1312],"product_tag":[],"class_list":{"0":"post-945377","1":"product","2":"type-product","3":"status-publish","4":"has-post-thumbnail","6":"product_cat-sexdockor","7":"product_cat-dutchdoll-sv","8":"pa_brand-dutchdoll-sv","10":"first","11":"instock","12":"taxable","13":"shipping-taxable","14":"purchasable","15":"product-type-simple"},"_links":{"self":[{"href":"https:\/\/doll.shop\/sv\/wp-json\/wp\/v2\/product\/945377","targetHints":{"allow":["GET"]}}],"collection":[{"href":"https:\/\/doll.shop\/sv\/wp-json\/wp\/v2\/product"}],"about":[{"href":"https:\/\/doll.shop\/sv\/wp-json\/wp\/v2\/types\/product"}],"replies":[{"embeddable":true,"href":"https:\/\/doll.shop\/sv\/wp-json\/wp\/v2\/comments?post=945377"}],"wp:featuredmedia":[{"embeddable":true,"href":"https:\/\/doll.shop\/sv\/wp-json\/wp\/v2\/media\/945435"}],"wp:attachment":[{"href":"https:\/\/doll.shop\/sv\/wp-json\/wp\/v2\/media?parent=945377"}],"wp:term":[{"taxonomy":"product_brand","embeddable":true,"href":"https:\/\/doll.shop\/sv\/wp-json\/wp\/v2\/product_brand?post=945377"},{"taxonomy":"product_cat","embeddable":true,"href":"https:\/\/doll.shop\/sv\/wp-json\/wp\/v2\/product_cat?post=945377"},{"taxonomy":"product_tag","embeddable":true,"href":"https:\/\/doll.shop\/sv\/wp-json\/wp\/v2\/product_tag?post=945377"}],"curies":[{"name":"wp","href":"https:\/\/api.w.org\/{rel}","templated":true}]}}